{"id":2096,"date":"2022-10-20T14:21:09","date_gmt":"2022-10-20T12:21:09","guid":{"rendered":"https:\/\/creditfinanz.ch\/index\/cookie-policy\/"},"modified":"2022-10-20T15:12:51","modified_gmt":"2022-10-20T13:12:51","slug":"cookie-policy","status":"publish","type":"page","link":"https:\/\/creditfinanz.ch\/index\/de\/cookie-policy\/","title":{"rendered":"Cookie-Richtlinie"},"content":{"rendered":"<p><div class=\"fusion-fullwidth fullwidth-box fusion-builder-row-1 fusion-flex-container fusion-parallax-none nonhundred-percent-fullwidth non-hundred-percent-height-scrolling fusion-no-small-visibility\" style=\"--awb-background-position:right center;--awb-border-sizes-left:0;--awb-border-sizes-right:0;--awb-border-radius-top-left:0px;--awb-border-radius-top-right:0px;--awb-border-radius-bottom-right:0px;--awb-border-radius-bottom-left:0px;--awb-padding-top:0px;--awb-padding-bottom:0px;--awb-margin-top:0px;--awb-margin-bottom:0px;--awb-background-color:#f39200;--awb-background-image:url(&quot;https:\/\/creditfinanz.ch\/index\/wp-content\/uploads\/2021\/10\/chi_head.jpg&quot;);--awb-background-size:cover;--awb-flex-wrap:wrap;\" ><div class=\"fusion-builder-row fusion-row fusion-flex-align-items-stretch fusion-flex-content-wrap\" style=\"max-width:1248px;margin-left: calc(-4% \/ 2 );margin-right: calc(-4% \/ 2 );\"><div class=\"fusion-layout-column fusion_builder_column fusion-builder-column-0 fusion_builder_column_1_2 1_2 fusion-flex-column\" style=\"--awb-padding-bottom:0px;--awb-bg-image:linear-gradient(180deg, #f39200 0%,#f39200 100%);--awb-bg-size:cover;--awb-width-large:50%;--awb-margin-top-large:0px;--awb-spacing-right-large:3.84%;--awb-margin-bottom-large:0px;--awb-spacing-left-large:3.84%;--awb-width-medium:50%;--awb-order-medium:0;--awb-spacing-right-medium:3.84%;--awb-spacing-left-medium:3.84%;--awb-width-small:100%;--awb-order-small:0;--awb-spacing-right-small:1.92%;--awb-spacing-left-small:1.92%;\"><div class=\"fusion-column-wrapper fusion-column-has-shadow fusion-flex-justify-content-flex-start fusion-content-layout-column\"><div class=\"fusion-separator fusion-full-width-sep\" style=\"align-self: center;margin-left: auto;margin-right: auto;margin-top:30%;width:100%;\"><\/div><div class=\"fusion-text fusion-text-1\"><h1><span style=\"color: #ffffff;\">Cookie-Richtlinie<\/span><\/h1>\n<\/div><div class=\"fusion-separator fusion-full-width-sep\" style=\"align-self: center;margin-left: auto;margin-right: auto;margin-top:30%;width:100%;\"><\/div><\/div><\/div><div class=\"fusion-layout-column fusion_builder_column fusion-builder-column-1 fusion_builder_column_1_2 1_2 fusion-flex-column\" style=\"--awb-padding-top:0px;--awb-padding-right:0px;--awb-padding-bottom:0px;--awb-padding-left:0px;--awb-bg-position:center center;--awb-bg-size:cover;--awb-width-large:50%;--awb-margin-top-large:0px;--awb-spacing-right-large:0px;--awb-margin-bottom-large:0px;--awb-spacing-left-large:0px;--awb-width-medium:50%;--awb-order-medium:0;--awb-spacing-right-medium:0px;--awb-spacing-left-medium:0px;--awb-width-small:100%;--awb-order-small:0;--awb-spacing-right-small:1.92%;--awb-spacing-left-small:1.92%;\"><div class=\"fusion-column-wrapper fusion-column-has-shadow fusion-flex-justify-content-flex-start fusion-content-layout-column\"><\/div><\/div><\/div><\/div><div class=\"fusion-fullwidth fullwidth-box fusion-builder-row-2 fusion-flex-container nonhundred-percent-fullwidth non-hundred-percent-height-scrolling fusion-no-medium-visibility fusion-no-large-visibility\" style=\"--awb-background-position:right center;--awb-border-sizes-left:0;--awb-border-sizes-right:0;--awb-border-radius-top-left:0px;--awb-border-radius-top-right:0px;--awb-border-radius-bottom-right:0px;--awb-border-radius-bottom-left:0px;--awb-padding-top:0px;--awb-padding-bottom:0px;--awb-margin-top:0px;--awb-margin-bottom:0px;--awb-background-color:#f39200;--awb-flex-wrap:wrap;\" ><div class=\"fusion-builder-row fusion-row fusion-flex-align-items-stretch fusion-flex-content-wrap\" style=\"max-width:1248px;margin-left: calc(-4% \/ 2 );margin-right: calc(-4% \/ 2 );\"><div class=\"fusion-layout-column fusion_builder_column fusion-builder-column-2 fusion_builder_column_1_1 1_1 fusion-flex-column\" style=\"--awb-padding-bottom:0px;--awb-bg-color:#f39200;--awb-bg-color-hover:#f39200;--awb-bg-size:cover;--awb-width-large:100%;--awb-margin-top-large:0px;--awb-spacing-right-large:1.92%;--awb-margin-bottom-large:0px;--awb-spacing-left-large:1.92%;--awb-width-medium:100%;--awb-order-medium:0;--awb-spacing-right-medium:1.92%;--awb-spacing-left-medium:1.92%;--awb-width-small:100%;--awb-order-small:0;--awb-spacing-right-small:1.92%;--awb-spacing-left-small:1.92%;\"><div class=\"fusion-column-wrapper fusion-column-has-shadow fusion-flex-justify-content-flex-start fusion-content-layout-column\"><div class=\"fusion-separator fusion-full-width-sep\" style=\"align-self: center;margin-left: auto;margin-right: auto;margin-top:20%;width:100%;\"><\/div><div class=\"fusion-text fusion-text-2\"><h1><span style=\"color: #ffffff;\">Cookie-Richtlinie<\/span><\/h1>\n<\/div><div class=\"fusion-separator fusion-full-width-sep\" style=\"align-self: center;margin-left: auto;margin-right: auto;margin-top:20%;width:100%;\"><\/div><\/div><\/div><\/div><\/div><div class=\"fusion-fullwidth fullwidth-box fusion-builder-row-3 fusion-flex-container hundred-percent-fullwidth non-hundred-percent-height-scrolling fusion-no-medium-visibility fusion-no-large-visibility\" style=\"--awb-background-position:right center;--awb-border-sizes-left:0;--awb-border-sizes-right:0;--awb-border-radius-top-left:0px;--awb-border-radius-top-right:0px;--awb-border-radius-bottom-right:0px;--awb-border-radius-bottom-left:0px;--awb-padding-top:0px;--awb-padding-right:0px;--awb-padding-bottom:0px;--awb-padding-left:0px;--awb-margin-top:0px;--awb-margin-bottom:0px;--awb-background-color:#f39200;--awb-flex-wrap:wrap;\" ><div class=\"fusion-builder-row fusion-row fusion-flex-align-items-stretch fusion-flex-content-wrap\" style=\"width:104% !important;max-width:104% !important;margin-left: calc(-4% \/ 2 );margin-right: calc(-4% \/ 2 );\"><div class=\"fusion-layout-column fusion_builder_column fusion-builder-column-3 fusion_builder_column_1_1 1_1 fusion-flex-column\" style=\"--awb-padding-top:0px;--awb-padding-right:0px;--awb-padding-bottom:0px;--awb-padding-left:0px;--awb-bg-color:#f39200;--awb-bg-color-hover:#f39200;--awb-bg-image:url(&#039;https:\/\/creditfinanz.ch\/index\/wp-content\/uploads\/2021\/10\/chi_body.jpg&#039;);--awb-bg-position:center center;--awb-bg-size:cover;--awb-width-large:100%;--awb-margin-top-large:0px;--awb-spacing-right-large:0px;--awb-margin-bottom-large:0px;--awb-spacing-left-large:0px;--awb-width-medium:100%;--awb-order-medium:0;--awb-spacing-right-medium:0px;--awb-spacing-left-medium:0px;--awb-width-small:100%;--awb-order-small:0;--awb-spacing-right-small:1.92%;--awb-spacing-left-small:1.92%;\"><div class=\"fusion-column-wrapper fusion-column-has-shadow fusion-flex-justify-content-flex-start fusion-content-layout-column fusion-column-has-bg-image\" data-bg-url=\"https:\/\/creditfinanz.ch\/index\/wp-content\/uploads\/2021\/10\/chi_body.jpg\"><div class=\"fusion-separator fusion-full-width-sep\" style=\"align-self: center;margin-left: auto;margin-right: auto;margin-top:70%;width:100%;\"><\/div><\/div><\/div><\/div><\/div><div class=\"fusion-fullwidth fullwidth-box fusion-builder-row-4 fusion-flex-container nonhundred-percent-fullwidth non-hundred-percent-height-scrolling\" style=\"--awb-border-radius-top-left:0px;--awb-border-radius-top-right:0px;--awb-border-radius-bottom-right:0px;--awb-border-radius-bottom-left:0px;--awb-margin-top:60px;--awb-margin-bottom:60px;--awb-background-color:#ffffff;--awb-background-image:linear-gradient(180deg, #ffffff 0%,#ffffff 100%);--awb-flex-wrap:wrap;\" ><div class=\"fusion-builder-row fusion-row fusion-flex-align-items-flex-start fusion-flex-align-content-center fusion-flex-content-wrap\" style=\"max-width:1248px;margin-left: calc(-4% \/ 2 );margin-right: calc(-4% \/ 2 );\"><div class=\"fusion-layout-column fusion_builder_column fusion-builder-column-4 fusion_builder_column_1_1 1_1 fusion-flex-column fusion-flex-align-self-flex-start\" style=\"--awb-bg-size:cover;--awb-width-large:100%;--awb-margin-top-large:0px;--awb-spacing-right-large:5.76%;--awb-margin-bottom-large:30px;--awb-spacing-left-large:1.92%;--awb-width-medium:100%;--awb-order-medium:0;--awb-spacing-right-medium:5.76%;--awb-spacing-left-medium:1.92%;--awb-width-small:100%;--awb-order-small:0;--awb-spacing-right-small:1.92%;--awb-spacing-left-small:1.92%;\"><div class=\"fusion-column-wrapper fusion-column-has-shadow fusion-flex-justify-content-flex-start fusion-content-layout-column\"><div class=\"fusion-text fusion-text-3\"><p>Wir nutzen Cookies auf unserer Website. Wir verwenden Cookies, um Inhalte und Anzeigen zu personalisieren, um Funktionen f\u00fcr soziale Medien bereitzustellen und unseren Datenverkehr zu analysieren. Au\u00dferdem geben wir Informationen zu Ihrer Verwendung unserer Website an unsere Partner f\u00fcr soziale Medien, Werbung und Analysen weiter. Unsere Partner f\u00fchren diese Informationen m\u00f6glicherweise mit weiteren Daten zusammen, die Sie ihnen bereitgestellt haben oder die sie im Rahmen Ihrer Nutzung der Dienste gesammelt haben.<\/p>\n<p>Diese Cookie-Richtlinie ist mit der Datenschutzerkl\u00e4rung unserer Website verbunden, die Sie hier finden k\u00f6nnen:\u00a0<strong><a href=\"\/index\/de\/privacy\/\">privacy policy<\/a><\/strong>.<\/p>\n<p><strong>1. WAS SIND COOKIES? |INFORMATIONEN \u00dcBER COOKIES AUF DIESER WEBSITE | ERKL\u00c4RUNG DER EINWILLIGUNG<br \/>\n<\/strong><\/p>\n<p>Cookies sind kleine Textdateien, die von Websites auf Ihrem PC abgelegt werden, wo sie gespeichert und bei Ihrem n\u00e4chsten Besuch derselben Websites zur\u00fcckgesendet werden. Cookies werden f\u00fcr verschiedene Zwecke verwendet, haben unterschiedliche Eigenschaften und k\u00f6nnen sowohl vom Eigent\u00fcmer der von Ihnen besuchten Website als auch von Dritten verwendet werden. F\u00fcr weitere Informationen \u00fcber Cookies besuchen Sie bitte die informative Website <a href=\"http:\/\/www.allaboutcookies.org\"><strong>www.allaboutcookies.org<\/strong><\/a>.<\/p>\n<p>Im Folgenden finden Sie alle Informationen zu Cookies, die Sie \u00fcber diese Website installiert haben und die Informationen, die Sie ben\u00f6tigen, um Ihre Cookie-Einstellung zu verwalten.<\/p>\n<p>Nach den geltenden Rechtsvorschriften d\u00fcrfen wir Cookies auf Ihrem PC oder Mobilger\u00e4t speichern, wenn sie f\u00fcr den Betrieb dieser Website unbedingt erforderlich sind. F\u00fcr die Installation aller anderen Arten von Cookies und die Verarbeitung der damit erhobenen personenbezogenen Daten ben\u00f6tigen wir Ihre Einwilligung. Bitte beachten Sie, dass sich Ihre Einwilligung, wenn sie erteilt wird, auf den folgenden Domainnamen bezieht: <strong><a href=\"http:\/\/www.creditfinanz.ch\">www.creditfinanz.ch<\/a> \u00a0\u00a0<\/strong><\/p>\n<p>Das Schlie\u00dfen des Banners f\u00fchrt dazu, dass die Standardeinstellungen beibehalten werden und dass die Navigation ohne Cookies oder andere Tracking-Tools, die nicht technischer Natur sind, fortgesetzt wird.<\/p>\n<p><strong>2. BEISPIELE \u00c4HNLICHER TECHNOLOGIEN<br \/>\n<\/strong><\/p>\n<p>Die R\u00fcckverfolgung von Navigationspfaden kann auch mit Technologien, die Cookies \u00e4hnlich sind, erfolgen. Hier sind einige Beispiele.<\/p>\n<p><strong>Lokale Speicherung<\/strong><\/p>\n<p>Sie ist eine Technologie zur Optimierung der Navigation, die keine Daten \u00fcber die Pr\u00e4ferenzen der Benutzer sammelt (sie speichert beispielsweise einen Code, der die Browser-Sitzung des Benutzers nach dem Login identifiziert, um zu vermeiden, dass der Benutzer beim Zugriff auf gesch\u00fctzte Bereiche auf jeder Profilseite Benutzername und Passwort eingeben muss).<\/p>\n<p><strong>Tracking pixel (Verfolgungscode)<\/strong><\/p>\n<p>\u201cVerfolgungscode\u201d oder \u201e\u00dcberwachungscode\u201c ist ein kleiner Teil des Codes, der von einigen Systemen freigegeben wird, damit er in andere Systeme implementiert werden kann, um bestimmte Daten \u00fcber den Benutzer und seine Browsing-Sitzung oder \u00fcber das \u00d6ffnen von E-Mails auf v\u00f6llig transparente Weise f\u00fcr den Benutzer selbst zu verfolgen. Die verfolgten Daten k\u00f6nnen so unterschiedlich sein wie der Tag und die Uhrzeit, der geografische Standort und die Art des f\u00fcr die Navigation verwendeten PC und Mobilger\u00e4ts, bis hin zu den komplexesten Tracking-Pixeln zur \u00dcberwachung des f\u00fcr eine Bestellung ausgegebenen Betrags und anderen n\u00fctzlichen Informationen f\u00fcr die Marketingabteilungen der Unternehmen, die sie verwenden.<\/p>\n<p><strong>Plug-ins<\/strong><\/p>\n<p>Plug-ins sind kleine Zusatzprogramme, die die Funktionen von Webanwendungen und Desktop-Programmen erweitern.\u00a0 Die am h\u00e4ufigsten verwendeten Plug-ins sind die von sozialen Netzwerken, die es den Benutzern erm\u00f6glichen, einer Social\u2013Media\u2013Seite oder einem Profil mit einem Klick zu folgen, und mit einem Klick anzugeben, dass ihnen ein Webinhalt gefallen hat, und ihn in ihren Profilen in sozialen Netzwerken zu teilen, usw.<\/p>\n<p><strong>Widget<\/strong><\/p>\n<p>Widget ist eine Komponente der grafischen Benutzeroberfl\u00e4che eines Programms, die die Interaktionen des Benutzers mit dem Programm selbst erleichtern soll. Die am h\u00e4ufigsten verwendeten Widgets sind die in sozialen Netzwerken, die es den Benutzern erm\u00f6glichen, soziale Netzwerke einfach in einem separaten Browserfenster zu \u00f6ffnen.<\/p>\n<p>Diese Dienste erm\u00f6glichen Ihnen die Interaktionen mit sozialen Netzwerken oder anderen externen Plattformen direkt von den Seiten einer Website aus. Interaktionen und alle Informationen, die von der Website erfasst werden, unterliegen den Datenschutzeinstellungen des Dritten, der die oben genannten Technologien entwickelt hat. Um detaillierte Informationen, auf die Sie gem\u00e4\u00df Artikel 13 des Schweizer Bundesgesetzes \u00fcber den Datenschutz (DSG) Anspruch haben, \u00fcber die Verwendung personenbezogener Daten bei der Nutzung dieser Technologien zu erhalten, besuchen Sie bitte die Website von Drittanbietern dieser Technologien.<\/p>\n<p><strong>3. IDENTIT\u00c4T UND KONTAKTDATEN DES VERANTWORTLICHEN<br \/>\n<\/strong><\/p>\n<p>Das Unternehmen, das \u00fcber Zwecke und Mittel der Verarbeitung entscheidet, ist <strong>CREDITFINANZ SA<\/strong>, ein Unternehmen nach schweizerischem Recht mit Sitz in Lugano (in der Schweiz) PLZ 6904, via Trevano 72 (nachstehend &#8220;CreditFinanz&#8221; oder &#8220;Verantwortlicher&#8221; oder &#8220;Unternehmen&#8221; oder &#8220;wir&#8221; genannt).<\/p>\n<p>Die Kontaktdaten des Verantwortlichen der Datenverarbeitung lauten wie folgt: <a href=\"mailto:privacy@creditfinanz.ch\"><strong>privacy@creditfinanz.ch<\/strong><\/a><\/p>\n<p><strong>4. COOKIE-VERWALTUNG<br \/>\n<\/strong><\/p>\n<p>Wir m\u00f6chten Sie darauf hinweisen, dass Sie Ihre Cookie-Einstellungen auch \u00fcber Ihren Browser verwalten k\u00f6nnen. Wenn Sie den Typ und die Version Ihres Browsers nicht kennen, klicken Sie oben im Browserfenster auf \u201eHilfe\u201c, von wo aus Sie alle notwendigen Informationen abrufen k\u00f6nnen. Wenn Sie Ihren Browser kennen, klicken Sie auf das was sie gerade verwenden, um auf die Cookie-Verwaltungsseite zuzugreifen.\u00a0 Informationen zur Verwaltung von Cookies in den g\u00e4ngigsten Browsern finden Sie zum Beispiel unter den folgenden Adressen.<\/p>\n<p>Mozilla Firefox<br \/>\n<strong><a href=\"https:\/\/support.mozilla.org\/de\/kb\/cookies-informationen-websites-auf-ihrem-computer\" target=\"_blank\" rel=\"noopener\">https:\/\/support.mozilla.org\/de\/kb\/cookies-informationen-websites-auf-ihrem-computer<\/a><\/strong><\/p>\n<p>Google Chrome<br \/>\n<a href=\"https:\/\/support.google.com\/chrome\/answer\/95647?hl=de&amp;co=GENIE.Platform%3DDesktop\" target=\"_blank\" rel=\"noopener\"><strong>https:\/\/support.google.com\/chrome\/answer\/95647?hl=de&amp;co=GENIE.Platform%3DDesktop<\/strong><\/a><\/p>\n<p>Internet Explorer\/Microsoft Edge<br \/>\n<a href=\"https:\/\/support.microsoft.com\/de-de\/windows\/l%C3%B6schen-und-verwalten-von-cookies-168dab11-0753-043d-7c16-ede5947fc64d\" target=\"_blank\" rel=\"noopener\"><strong>https:\/\/support.microsoft.com\/de-de\/windows\/l%C3%B6schen-und-verwalten-von-cookies-168dab11-0753-043d-7c16-ede5947fc64d<\/strong><\/a><\/p>\n<p>Safari<br \/>\n<a href=\"https:\/\/support.apple.com\/de-de\/guide\/safari\/sfri11471\/mac\" target=\"_blank\" rel=\"noopener\"><strong>https:\/\/support.apple.com\/de-de\/guide\/safari\/sfri11471\/mac<\/strong><\/a><\/p>\n<p>Safari su iPhone, iPad, o iPod touch<br \/>\n<a href=\"https:\/\/support.apple.com\/de-de\/HT201265\" target=\"_blank\" rel=\"noopener\"><strong>https:\/\/support.apple.com\/de-de\/HT201265<\/strong><\/a><\/p>\n<p><strong> 5. <\/strong><strong>ZUS\u00c4TZLICHE INFORMATIONEN | \u00c4NDERUNGEN | AKTUALISIERUNGEN<\/strong><\/p>\n<p>Der Verantwortliche beh\u00e4lt sich das Recht vor, diese Datenschutzerkl\u00e4rung bzw. diese Cookie-Richtlinie nach eigenem Ermessen jederzeit zu \u00e4ndern, zu aktualisieren, zu erg\u00e4nzen oder Teile davon zu entfernen. Im Falle von \u00c4nderungen wird das Datum der Aktualisierung angegeben.<\/p>\n<\/div><script\n\t\ttype=\"text\/javascript\"\n\t\tid=\"CookieDeclaration\"\n\t\tsrc=\"https:\/\/consent.cookiebot.com\/3badee4b-9d2a-4bf4-9da9-6cfa80ce74be\/cd.js\"\n\t\t\tdata-culture=\"DE\"\n\t\tasync><\/script>\n<div class=\"fusion-text fusion-text-4\"><p>Aktualisierungsdatum: <strong>6. Oktober 2022<br \/>\n<\/strong><\/p>\n<\/div><\/div><\/div><\/div><\/div><\/p>\n","protected":false},"excerpt":{"rendered":"","protected":false},"author":1,"featured_media":0,"parent":0,"menu_order":0,"comment_status":"closed","ping_status":"closed","template":"100-width.php","meta":{"footnotes":""},"class_list":["post-2096","page","type-page","status-publish","hentry"],"yoast_head":"<!-- This site is optimized with the Yoast SEO plugin v27.2 - https:\/\/yoast.com\/product\/yoast-seo-wordpress\/ -->\n<title>Cookie-Richtlinie - Credit Finanz SA<\/title>\n<meta name=\"robots\" content=\"index, follow, max-snippet:-1, max-image-preview:large, max-video-preview:-1\" \/>\n<link rel=\"canonical\" href=\"https:\/\/creditfinanz.ch\/index\/de\/cookie-policy\/\" \/>\n<meta property=\"og:locale\" content=\"de_DE\" \/>\n<meta property=\"og:type\" content=\"article\" \/>\n<meta property=\"og:title\" content=\"Cookie-Richtlinie - Credit Finanz SA\" \/>\n<meta property=\"og:url\" content=\"https:\/\/creditfinanz.ch\/index\/de\/cookie-policy\/\" \/>\n<meta property=\"og:site_name\" content=\"Credit Finanz SA\" \/>\n<meta property=\"article:publisher\" content=\"https:\/\/www.facebook.com\/cflugano\/\" \/>\n<meta property=\"article:modified_time\" content=\"2022-10-20T13:12:51+00:00\" \/>\n<meta name=\"twitter:card\" content=\"summary_large_image\" \/>\n<meta name=\"twitter:label1\" content=\"Gesch\u00e4tzte Lesezeit\" \/>\n\t<meta name=\"twitter:data1\" content=\"19 minutes\" \/>\n<script type=\"application\/ld+json\" class=\"yoast-schema-graph\">{\"@context\":\"https:\/\/schema.org\",\"@graph\":[{\"@type\":\"WebPage\",\"@id\":\"https:\/\/creditfinanz.ch\/index\/de\/cookie-policy\/\",\"url\":\"https:\/\/creditfinanz.ch\/index\/de\/cookie-policy\/\",\"name\":\"Cookie-Richtlinie - Credit Finanz SA\",\"isPartOf\":{\"@id\":\"https:\/\/creditfinanz.ch\/index\/#website\"},\"datePublished\":\"2022-10-20T12:21:09+00:00\",\"dateModified\":\"2022-10-20T13:12:51+00:00\",\"breadcrumb\":{\"@id\":\"https:\/\/creditfinanz.ch\/index\/de\/cookie-policy\/#breadcrumb\"},\"inLanguage\":\"de-DE\",\"potentialAction\":[{\"@type\":\"ReadAction\",\"target\":[\"https:\/\/creditfinanz.ch\/index\/de\/cookie-policy\/\"]}]},{\"@type\":\"BreadcrumbList\",\"@id\":\"https:\/\/creditfinanz.ch\/index\/de\/cookie-policy\/#breadcrumb\",\"itemListElement\":[{\"@type\":\"ListItem\",\"position\":1,\"name\":\"Home\",\"item\":\"https:\/\/creditfinanz.ch\/index\/de\/\"},{\"@type\":\"ListItem\",\"position\":2,\"name\":\"Cookie-Richtlinie\"}]},{\"@type\":\"WebSite\",\"@id\":\"https:\/\/creditfinanz.ch\/index\/#website\",\"url\":\"https:\/\/creditfinanz.ch\/index\/\",\"name\":\"Credit Finanz SA\",\"description\":\"Lugano - Bellinzona\",\"publisher\":{\"@id\":\"https:\/\/creditfinanz.ch\/index\/#organization\"},\"potentialAction\":[{\"@type\":\"SearchAction\",\"target\":{\"@type\":\"EntryPoint\",\"urlTemplate\":\"https:\/\/creditfinanz.ch\/index\/?s={search_term_string}\"},\"query-input\":{\"@type\":\"PropertyValueSpecification\",\"valueRequired\":true,\"valueName\":\"search_term_string\"}}],\"inLanguage\":\"de-DE\"},{\"@type\":\"Organization\",\"@id\":\"https:\/\/creditfinanz.ch\/index\/#organization\",\"name\":\"Credit Finanz SA\",\"url\":\"https:\/\/creditfinanz.ch\/index\/\",\"logo\":{\"@type\":\"ImageObject\",\"inLanguage\":\"de-DE\",\"@id\":\"https:\/\/creditfinanz.ch\/index\/#\/schema\/logo\/image\/\",\"url\":\"https:\/\/creditfinanz.ch\/index\/wp-content\/uploads\/2021\/05\/400.png\",\"contentUrl\":\"https:\/\/creditfinanz.ch\/index\/wp-content\/uploads\/2021\/05\/400.png\",\"width\":400,\"height\":51,\"caption\":\"Credit Finanz SA\"},\"image\":{\"@id\":\"https:\/\/creditfinanz.ch\/index\/#\/schema\/logo\/image\/\"},\"sameAs\":[\"https:\/\/www.facebook.com\/cflugano\/\",\"https:\/\/www.linkedin.com\/company-beta\/11124857\/\"]}]}<\/script>\n<!-- \/ Yoast SEO plugin. -->","yoast_head_json":{"title":"Cookie-Richtlinie - Credit Finanz SA","robots":{"index":"index","follow":"follow","max-snippet":"max-snippet:-1","max-image-preview":"max-image-preview:large","max-video-preview":"max-video-preview:-1"},"canonical":"https:\/\/creditfinanz.ch\/index\/de\/cookie-policy\/","og_locale":"de_DE","og_type":"article","og_title":"Cookie-Richtlinie - Credit Finanz SA","og_url":"https:\/\/creditfinanz.ch\/index\/de\/cookie-policy\/","og_site_name":"Credit Finanz SA","article_publisher":"https:\/\/www.facebook.com\/cflugano\/","article_modified_time":"2022-10-20T13:12:51+00:00","twitter_card":"summary_large_image","twitter_misc":{"Gesch\u00e4tzte Lesezeit":"19 minutes"},"schema":{"@context":"https:\/\/schema.org","@graph":[{"@type":"WebPage","@id":"https:\/\/creditfinanz.ch\/index\/de\/cookie-policy\/","url":"https:\/\/creditfinanz.ch\/index\/de\/cookie-policy\/","name":"Cookie-Richtlinie - Credit Finanz SA","isPartOf":{"@id":"https:\/\/creditfinanz.ch\/index\/#website"},"datePublished":"2022-10-20T12:21:09+00:00","dateModified":"2022-10-20T13:12:51+00:00","breadcrumb":{"@id":"https:\/\/creditfinanz.ch\/index\/de\/cookie-policy\/#breadcrumb"},"inLanguage":"de-DE","potentialAction":[{"@type":"ReadAction","target":["https:\/\/creditfinanz.ch\/index\/de\/cookie-policy\/"]}]},{"@type":"BreadcrumbList","@id":"https:\/\/creditfinanz.ch\/index\/de\/cookie-policy\/#breadcrumb","itemListElement":[{"@type":"ListItem","position":1,"name":"Home","item":"https:\/\/creditfinanz.ch\/index\/de\/"},{"@type":"ListItem","position":2,"name":"Cookie-Richtlinie"}]},{"@type":"WebSite","@id":"https:\/\/creditfinanz.ch\/index\/#website","url":"https:\/\/creditfinanz.ch\/index\/","name":"Credit Finanz SA","description":"Lugano - Bellinzona","publisher":{"@id":"https:\/\/creditfinanz.ch\/index\/#organization"},"potentialAction":[{"@type":"SearchAction","target":{"@type":"EntryPoint","urlTemplate":"https:\/\/creditfinanz.ch\/index\/?s={search_term_string}"},"query-input":{"@type":"PropertyValueSpecification","valueRequired":true,"valueName":"search_term_string"}}],"inLanguage":"de-DE"},{"@type":"Organization","@id":"https:\/\/creditfinanz.ch\/index\/#organization","name":"Credit Finanz SA","url":"https:\/\/creditfinanz.ch\/index\/","logo":{"@type":"ImageObject","inLanguage":"de-DE","@id":"https:\/\/creditfinanz.ch\/index\/#\/schema\/logo\/image\/","url":"https:\/\/creditfinanz.ch\/index\/wp-content\/uploads\/2021\/05\/400.png","contentUrl":"https:\/\/creditfinanz.ch\/index\/wp-content\/uploads\/2021\/05\/400.png","width":400,"height":51,"caption":"Credit Finanz SA"},"image":{"@id":"https:\/\/creditfinanz.ch\/index\/#\/schema\/logo\/image\/"},"sameAs":["https:\/\/www.facebook.com\/cflugano\/","https:\/\/www.linkedin.com\/company-beta\/11124857\/"]}]}},"_links":{"self":[{"href":"https:\/\/creditfinanz.ch\/index\/de\/wp-json\/wp\/v2\/pages\/2096","targetHints":{"allow":["GET"]}}],"collection":[{"href":"https:\/\/creditfinanz.ch\/index\/de\/wp-json\/wp\/v2\/pages"}],"about":[{"href":"https:\/\/creditfinanz.ch\/index\/de\/wp-json\/wp\/v2\/types\/page"}],"author":[{"embeddable":true,"href":"https:\/\/creditfinanz.ch\/index\/de\/wp-json\/wp\/v2\/users\/1"}],"replies":[{"embeddable":true,"href":"https:\/\/creditfinanz.ch\/index\/de\/wp-json\/wp\/v2\/comments?post=2096"}],"version-history":[{"count":3,"href":"https:\/\/creditfinanz.ch\/index\/de\/wp-json\/wp\/v2\/pages\/2096\/revisions"}],"predecessor-version":[{"id":2113,"href":"https:\/\/creditfinanz.ch\/index\/de\/wp-json\/wp\/v2\/pages\/2096\/revisions\/2113"}],"wp:attachment":[{"href":"https:\/\/creditfinanz.ch\/index\/de\/wp-json\/wp\/v2\/media?parent=2096"}],"curies":[{"name":"wp","href":"https:\/\/api.w.org\/{rel}","templated":true}]}}