{"id":2095,"date":"2022-10-20T14:21:09","date_gmt":"2022-10-20T12:21:09","guid":{"rendered":"https:\/\/creditfinanz.ch\/index\/cookie-policy\/"},"modified":"2022-10-20T15:11:56","modified_gmt":"2022-10-20T13:11:56","slug":"cookie-policy","status":"publish","type":"page","link":"https:\/\/creditfinanz.ch\/index\/fr\/cookie-policy\/","title":{"rendered":"Politique en mati\u00e8re de cookies"},"content":{"rendered":"<p><div class=\"fusion-fullwidth fullwidth-box fusion-builder-row-1 fusion-flex-container fusion-parallax-none nonhundred-percent-fullwidth non-hundred-percent-height-scrolling fusion-no-small-visibility\" style=\"--awb-background-position:right center;--awb-border-sizes-left:0;--awb-border-sizes-right:0;--awb-border-radius-top-left:0px;--awb-border-radius-top-right:0px;--awb-border-radius-bottom-right:0px;--awb-border-radius-bottom-left:0px;--awb-padding-top:0px;--awb-padding-bottom:0px;--awb-margin-top:0px;--awb-margin-bottom:0px;--awb-background-color:#f39200;--awb-background-image:url(&quot;https:\/\/creditfinanz.ch\/index\/wp-content\/uploads\/2021\/10\/chi_head.jpg&quot;);--awb-background-size:cover;--awb-flex-wrap:wrap;\" ><div class=\"fusion-builder-row fusion-row fusion-flex-align-items-stretch fusion-flex-content-wrap\" style=\"max-width:1248px;margin-left: calc(-4% \/ 2 );margin-right: calc(-4% \/ 2 );\"><div class=\"fusion-layout-column fusion_builder_column fusion-builder-column-0 fusion_builder_column_1_2 1_2 fusion-flex-column\" style=\"--awb-padding-bottom:0px;--awb-bg-image:linear-gradient(180deg, #f39200 0%,#f39200 100%);--awb-bg-size:cover;--awb-width-large:50%;--awb-margin-top-large:0px;--awb-spacing-right-large:3.84%;--awb-margin-bottom-large:0px;--awb-spacing-left-large:3.84%;--awb-width-medium:50%;--awb-order-medium:0;--awb-spacing-right-medium:3.84%;--awb-spacing-left-medium:3.84%;--awb-width-small:100%;--awb-order-small:0;--awb-spacing-right-small:1.92%;--awb-spacing-left-small:1.92%;\"><div class=\"fusion-column-wrapper fusion-column-has-shadow fusion-flex-justify-content-flex-start fusion-content-layout-column\"><div class=\"fusion-separator fusion-full-width-sep\" style=\"align-self: center;margin-left: auto;margin-right: auto;margin-top:30%;width:100%;\"><\/div><div class=\"fusion-text fusion-text-1\"><h1><span style=\"color: #ffffff;\">Politique en mati\u00e8re de cookies<\/span><\/h1>\n<\/div><div class=\"fusion-separator fusion-full-width-sep\" style=\"align-self: center;margin-left: auto;margin-right: auto;margin-top:30%;width:100%;\"><\/div><\/div><\/div><div class=\"fusion-layout-column fusion_builder_column fusion-builder-column-1 fusion_builder_column_1_2 1_2 fusion-flex-column\" style=\"--awb-padding-top:0px;--awb-padding-right:0px;--awb-padding-bottom:0px;--awb-padding-left:0px;--awb-bg-position:center center;--awb-bg-size:cover;--awb-width-large:50%;--awb-margin-top-large:0px;--awb-spacing-right-large:0px;--awb-margin-bottom-large:0px;--awb-spacing-left-large:0px;--awb-width-medium:50%;--awb-order-medium:0;--awb-spacing-right-medium:0px;--awb-spacing-left-medium:0px;--awb-width-small:100%;--awb-order-small:0;--awb-spacing-right-small:1.92%;--awb-spacing-left-small:1.92%;\"><div class=\"fusion-column-wrapper fusion-column-has-shadow fusion-flex-justify-content-flex-start fusion-content-layout-column\"><\/div><\/div><\/div><\/div><div class=\"fusion-fullwidth fullwidth-box fusion-builder-row-2 fusion-flex-container nonhundred-percent-fullwidth non-hundred-percent-height-scrolling fusion-no-medium-visibility fusion-no-large-visibility\" style=\"--awb-background-position:right center;--awb-border-sizes-left:0;--awb-border-sizes-right:0;--awb-border-radius-top-left:0px;--awb-border-radius-top-right:0px;--awb-border-radius-bottom-right:0px;--awb-border-radius-bottom-left:0px;--awb-padding-top:0px;--awb-padding-bottom:0px;--awb-margin-top:0px;--awb-margin-bottom:0px;--awb-background-color:#f39200;--awb-flex-wrap:wrap;\" ><div class=\"fusion-builder-row fusion-row fusion-flex-align-items-stretch fusion-flex-content-wrap\" style=\"max-width:1248px;margin-left: calc(-4% \/ 2 );margin-right: calc(-4% \/ 2 );\"><div class=\"fusion-layout-column fusion_builder_column fusion-builder-column-2 fusion_builder_column_1_1 1_1 fusion-flex-column\" style=\"--awb-padding-bottom:0px;--awb-bg-color:#f39200;--awb-bg-color-hover:#f39200;--awb-bg-size:cover;--awb-width-large:100%;--awb-margin-top-large:0px;--awb-spacing-right-large:1.92%;--awb-margin-bottom-large:0px;--awb-spacing-left-large:1.92%;--awb-width-medium:100%;--awb-order-medium:0;--awb-spacing-right-medium:1.92%;--awb-spacing-left-medium:1.92%;--awb-width-small:100%;--awb-order-small:0;--awb-spacing-right-small:1.92%;--awb-spacing-left-small:1.92%;\"><div class=\"fusion-column-wrapper fusion-column-has-shadow fusion-flex-justify-content-flex-start fusion-content-layout-column\"><div class=\"fusion-separator fusion-full-width-sep\" style=\"align-self: center;margin-left: auto;margin-right: auto;margin-top:20%;width:100%;\"><\/div><div class=\"fusion-text fusion-text-2\"><h1><span style=\"color: #ffffff;\">Politique en mati\u00e8re de cookies<\/span><\/h1>\n<\/div><div class=\"fusion-separator fusion-full-width-sep\" style=\"align-self: center;margin-left: auto;margin-right: auto;margin-top:20%;width:100%;\"><\/div><\/div><\/div><\/div><\/div><div class=\"fusion-fullwidth fullwidth-box fusion-builder-row-3 fusion-flex-container hundred-percent-fullwidth non-hundred-percent-height-scrolling fusion-no-medium-visibility fusion-no-large-visibility\" style=\"--awb-background-position:right center;--awb-border-sizes-left:0;--awb-border-sizes-right:0;--awb-border-radius-top-left:0px;--awb-border-radius-top-right:0px;--awb-border-radius-bottom-right:0px;--awb-border-radius-bottom-left:0px;--awb-padding-top:0px;--awb-padding-right:0px;--awb-padding-bottom:0px;--awb-padding-left:0px;--awb-margin-top:0px;--awb-margin-bottom:0px;--awb-background-color:#f39200;--awb-flex-wrap:wrap;\" ><div class=\"fusion-builder-row fusion-row fusion-flex-align-items-stretch fusion-flex-content-wrap\" style=\"width:104% !important;max-width:104% !important;margin-left: calc(-4% \/ 2 );margin-right: calc(-4% \/ 2 );\"><div class=\"fusion-layout-column fusion_builder_column fusion-builder-column-3 fusion_builder_column_1_1 1_1 fusion-flex-column\" style=\"--awb-padding-top:0px;--awb-padding-right:0px;--awb-padding-bottom:0px;--awb-padding-left:0px;--awb-bg-color:#f39200;--awb-bg-color-hover:#f39200;--awb-bg-image:url(&#039;https:\/\/creditfinanz.ch\/index\/wp-content\/uploads\/2021\/10\/chi_body.jpg&#039;);--awb-bg-position:center center;--awb-bg-size:cover;--awb-width-large:100%;--awb-margin-top-large:0px;--awb-spacing-right-large:0px;--awb-margin-bottom-large:0px;--awb-spacing-left-large:0px;--awb-width-medium:100%;--awb-order-medium:0;--awb-spacing-right-medium:0px;--awb-spacing-left-medium:0px;--awb-width-small:100%;--awb-order-small:0;--awb-spacing-right-small:1.92%;--awb-spacing-left-small:1.92%;\"><div class=\"fusion-column-wrapper fusion-column-has-shadow fusion-flex-justify-content-flex-start fusion-content-layout-column fusion-column-has-bg-image\" data-bg-url=\"https:\/\/creditfinanz.ch\/index\/wp-content\/uploads\/2021\/10\/chi_body.jpg\"><div class=\"fusion-separator fusion-full-width-sep\" style=\"align-self: center;margin-left: auto;margin-right: auto;margin-top:70%;width:100%;\"><\/div><\/div><\/div><\/div><\/div><div class=\"fusion-fullwidth fullwidth-box fusion-builder-row-4 fusion-flex-container nonhundred-percent-fullwidth non-hundred-percent-height-scrolling\" style=\"--awb-border-radius-top-left:0px;--awb-border-radius-top-right:0px;--awb-border-radius-bottom-right:0px;--awb-border-radius-bottom-left:0px;--awb-margin-top:60px;--awb-margin-bottom:60px;--awb-background-color:#ffffff;--awb-background-image:linear-gradient(180deg, #ffffff 0%,#ffffff 100%);--awb-flex-wrap:wrap;\" ><div class=\"fusion-builder-row fusion-row fusion-flex-align-items-flex-start fusion-flex-align-content-center fusion-flex-content-wrap\" style=\"max-width:1248px;margin-left: calc(-4% \/ 2 );margin-right: calc(-4% \/ 2 );\"><div class=\"fusion-layout-column fusion_builder_column fusion-builder-column-4 fusion_builder_column_1_1 1_1 fusion-flex-column fusion-flex-align-self-flex-start\" style=\"--awb-bg-size:cover;--awb-width-large:100%;--awb-margin-top-large:0px;--awb-spacing-right-large:5.76%;--awb-margin-bottom-large:30px;--awb-spacing-left-large:1.92%;--awb-width-medium:100%;--awb-order-medium:0;--awb-spacing-right-medium:5.76%;--awb-spacing-left-medium:1.92%;--awb-width-small:100%;--awb-order-small:0;--awb-spacing-right-small:1.92%;--awb-spacing-left-small:1.92%;\"><div class=\"fusion-column-wrapper fusion-column-has-shadow fusion-flex-justify-content-flex-start fusion-content-layout-column\"><div class=\"fusion-text fusion-text-3\"><p>Ce site Web utilise des cookies. Nous utilisons les cookies pour personnaliser le contenu et les publicit\u00e9s, pour fournir des fonctionnalit\u00e9s de m\u00e9dias sociaux et analyser notre trafic.<\/p>\n<p>Cette politique en mati\u00e8re de cookies est li\u00e9e \u00e0 la Politique de confidentialit\u00e9 de notre site Web, qui peut \u00eatre consult\u00e9e ici: <strong><a href=\"\/index\/fr\/privacy\/\">privacy policy<\/a><\/strong>.<\/p>\n<p><strong>1. QU&#8217;EST-CE QUE LES COOKIES? | COOKIES DE CE SITE WEB | CONSENTEMENT<br \/>\n<\/strong><\/p>\n<p>Les cookies sont de petits fichiers texte que les sites visit\u00e9s par les utilisateurs envoient \u00e0 leurs ordinateurs, o\u00f9 ils sont stock\u00e9s et ensuite retransmis aux m\u00eames sites lors de la visite suivante. Les cookies sont utilis\u00e9s \u00e0 des fins diff\u00e9rentes, ont des caract\u00e9ristiques diff\u00e9rentes et peuvent \u00eatre utilis\u00e9s par le propri\u00e9taire du site que vous visitez, ou par des tiers. Pour plus d&#8217;informations sur les cookies utilis\u00e9s par ce site web, veuillez consulter le site web suivant <a href=\"http:\/\/www.allaboutcookies.org\"><strong>www.allaboutcookies.org<\/strong><\/a>.<\/p>\n<p>Vous trouverez ci-dessous toutes les informations sur les cookies install\u00e9s par ce site et les informations n\u00e9cessaires pour g\u00e9rer vos pr\u00e9f\u00e9rences en mati\u00e8re de cookies.<\/p>\n<p>La loi stipule que nous ne pouvons stocker des cookies sur votre appareil que s\u2019ils sont strictement n\u00e9cessaires au fonctionnement de ce site.\u00a0 Pour installer tous les autres types de cookies et pour traiter les donn\u00e9es \u00e0 caract\u00e8re personnel collect\u00e9es par les cookies, nous avons besoin de votre consentement. Veuillez noter que si vous l&#8217;avez fourni, votre consentement s&#8217;applique au domaine suivant: <a href=\"http:\/\/www.creditfinanz.ch\"><strong>www.creditfinanz.ch<\/strong><\/a><\/p>\n<p>Enfin, la fermeture du bandeau (gr\u00e2ce au \u2018X\u2019 dans le coin sup\u00e9rieur droit de la page) a pour effet de conserver vos param\u00e8tres par d\u00e9faut et donc la continuation de la navigation en l\u2019absence de cookies ou d\u2019autres instruments de tra\u00e7age autres que ceux techniques.<\/p>\n<p><strong>2. EXEMPLES DE TECHNOLOGIES SIMILAIRES<br \/>\n<\/strong><\/p>\n<p>En plus des cookies, nous utilisons d&#8217;autres technologies similaires telles que:<\/p>\n<p><strong>Stockage web local (localStorage)<br \/>\n<\/strong>Le stockage web local est une technologie utilis\u00e9e pour optimiser la navigation, qui ne collecte pas de donn\u00e9es sur les pr\u00e9f\u00e9rences des utilisateurs (par exemple, il stocke un code qui identifie la session de l&#8217;utilisateur apr\u00e8s la connexion), de cette fa\u00e7on, l&#8217;utilisateur ne doit pas saisir son nom d&#8217;utilisateur et son mot de passe sur chaque page de profil lorsqu&#8217;il acc\u00e8de \u00e0 des zones restreintes.<\/p>\n<p><strong>Pixels de tracking<br \/>\n<\/strong>\u00e9galement appel\u00e9 \u201cCode de tra\u00e7age&#8221; ou &#8220;code de suivi\u201d , le pixel de tracking est un petit morceau de code qui est lib\u00e9r\u00e9 par certains sites afin d&#8217;\u00eatre impl\u00e9ment\u00e9 dans d&#8217;autres pour suivre certaines donn\u00e9es relatives \u00e0 l&#8217;utilisateur et \u00e0 sa session de navigation.\u00a0 Les donn\u00e9es qui sont suivies peuvent \u00eatre aussi diverses que le jour et l&#8217;heure, l&#8217;emplacement g\u00e9ographique et le type de dispositif utilis\u00e9 pour la navigation. Les pixels les plus complexes peuvent m\u00eame suivre la somme d\u00e9pens\u00e9e pour un bon de commande et d&#8217;autres informations utiles pour les d\u00e9partements marketing des entreprises qui les utilisent.<\/p>\n<p><strong>Plugin (plugiciel)<br \/>\n<\/strong>Un plugin (ou plugiciel) est un programme ou fichier informatique qui apporte une nouvelle fonctionnalit\u00e9 \u00e0 un autre programme.\u00a0 Les plugins les plus utilis\u00e9s sont ceux des r\u00e9seaux sociaux qui permettent \u00e0 l&#8217;utilisateur de suivre une page ou un profil social en un seul clic, d&#8217;indiquer en un clic qu&#8217;il a aim\u00e9 un contenu web et de le partager sur son profil de r\u00e9seau social, etc.<\/p>\n<p><strong>Widget<br \/>\n<\/strong>Un widget est un composant d&#8217;interface graphique, un \u00e9l\u00e9ment de base d&#8217;une interface graphique avec lequel un utilisateur peut interagir (par exemple une fen\u00eatre ou une zone de texte). Les widgets les plus utilis\u00e9s sont ceux des r\u00e9seaux sociaux, qui permettent aux utilisateurs d&#8217;ouvrir facilement les r\u00e9seaux sociaux dans une fen\u00eatre s\u00e9par\u00e9e du navigateur.<\/p>\n<p>Ces services permettent des interactions avec les r\u00e9seaux sociaux, ou d&#8217;autres plateformes externes, directement \u00e0 partir des pages d&#8217;un site. Les interactions et les informations qui peuvent \u00eatre acquises par le site sont soumises aux param\u00e8tres de confidentialit\u00e9 de la tierce partie qui a cr\u00e9\u00e9 les technologies susmentionn\u00e9es. Pour des informations d\u00e9taill\u00e9es sur l&#8217;utilisation des donn\u00e9es \u00e0 caract\u00e8re personnel trait\u00e9es lorsque vous utilisez ces technologies, veuillez consulter les sites web des op\u00e9rateurs tiers de ces technologies (car ces informations vous sont dues en vertu de l&#8217;article 13 de la Loi f\u00e9d\u00e9rale sur la protection des donn\u00e9es \u00e0 caract\u00e8re personnel).<\/p>\n<p><strong>3. IDENTIT\u00c9 ET COORDONN\u00c9ES DU RESPONSABLE DU TRAITEMENT DES DONN\u00c9ES<br \/>\n<\/strong><\/p>\n<p>Le responsable du traitement des donn\u00e9es, qui d\u00e9termine les finalit\u00e9s et les moyens du traitement des donn\u00e9es \u00e0 caract\u00e8re personnel, est <strong>CREDITFINANZ SA, <\/strong>soci\u00e9t\u00e9 de droit suisse dont le si\u00e8ge social est situ\u00e9 Via Trevano 72, \u00e0 Lugano 6904 (Suisse) (ci-apr\u00e8s d\u00e9nomm\u00e9e &#8220;CreditFinanz&#8221; ou &#8220;Responsable du traitement des donn\u00e9es&#8221; ou &#8221; Soci\u00e9t\u00e9 &#8221; ou &#8221; nous &#8220;).<\/p>\n<p>Les coordonn\u00e9es de contact du Responsable du traitement sont les suivantes: <strong><a href=\"mailto:info@creditfinanz.ch\">info@creditfinanz.ch<\/a><\/strong><\/p>\n<p><strong>4. GESTIONE DEI COOKIES\u00a0<\/strong><\/p>\n<p>Nous vous rappelons que vous pouvez \u00e9galement g\u00e9rer vos pr\u00e9f\u00e9rences en mati\u00e8re de cookies via votre navigateur.<\/p>\n<p>Si vous ne connaissez pas le type et la version du navigateur que vous utilisez, cliquez sur \u00ab Aide \u00bb dans la fen\u00eatre du navigateur en haut, depuis laquelle vous pourrez acc\u00e9der \u00e0 toutes les informations n\u00e9cessaires Si vous connaissez votre navigateur, cliquez sur celui concern\u00e9 pour acc\u00e9der \u00e0 la page de gestion des cookies.\u00a0 Vous pouvez trouver dans les liens suivants des informations sur la gestion des cookies dans certains des navigateurs les plus populaires.<\/p>\n<p>Mozilla Firefox<br \/>\n<strong><a href=\"https:\/\/support.mozilla.org\/fr\/kb\/cookies-informations-sites-enregistrent\" target=\"_blank\" rel=\"noopener\">https:\/\/support.mozilla.org\/fr\/kb\/cookies-informations-sites-enregistrent<\/a><\/strong><\/p>\n<p>Google Chrome<br \/>\n<strong><a href=\"https:\/\/support.google.com\/chrome\/answer\/95647?hl=fr\" target=\"_blank\" rel=\"noopener\">https:\/\/support.google.com\/chrome\/answer\/95647?hl=fr<\/a><\/strong><\/p>\n<p>Internet Explorer\/Microsoft Edge<br \/>\n<a href=\"https:\/\/support.microsoft.com\/fr-fr\/windows\/supprimer-et-g%C3%A9rer-les-cookies-168dab11-0753-043d-7c16-ede5947fc64d\" target=\"_blank\" rel=\"noopener\"><strong>https:\/\/support.microsoft.com\/fr-fr\/windows\/supprimer-et-g%C3%A9rer-les-cookies-168dab11-0753-043d-7c16-ede5947fc64d<\/strong><\/a><\/p>\n<p>Safari<br \/>\n<a href=\"https:\/\/support.apple.com\/fr-fr\/guide\/safari\/sfri11471\/mac\" target=\"_blank\" rel=\"noopener\"><strong>https:\/\/support.apple.com\/fr-fr\/guide\/safari\/sfri11471\/mac<\/strong><\/a><\/p>\n<p>Safari su iPhone, iPad, o iPod touch<br \/>\n<a href=\"https:\/\/support.apple.com\/fr-fr\/HT201265\" target=\"_blank\" rel=\"noopener\"><strong>https:\/\/support.apple.com\/fr-fr\/HT201265<\/strong><\/a><\/p>\n<p><strong> 5. INFORMATIONS SUPPL\u00c9MENTAIRES | CHANGEMENTS | MISES \u00c0 JOUR<br \/>\n<\/strong><\/p>\n<p>Le Responsable du traitement se r\u00e9serve le droit, \u00e0 sa propre discr\u00e9tion et \u00e0 tout moment, de r\u00e9viser, de mettre \u00e0 jour, d\u2019ajouter ou de supprimer des \u00e9l\u00e9ments pr\u00e9sents dans cette politique de confidentialit\u00e9. En cas de changement, la date de mise \u00e0 jour sera indiqu\u00e9e.<\/p>\n<\/div><script\n\t\ttype=\"text\/javascript\"\n\t\tid=\"CookieDeclaration\"\n\t\tsrc=\"https:\/\/consent.cookiebot.com\/3badee4b-9d2a-4bf4-9da9-6cfa80ce74be\/cd.js\"\n\t\t\tdata-culture=\"FR\"\n\t\tasync><\/script>\n<div class=\"fusion-text fusion-text-4\"><p><strong>Mis \u00e0 jour le:<\/strong> 6 octobre 2022<\/p>\n<\/div><\/div><\/div><\/div><\/div><\/p>\n","protected":false},"excerpt":{"rendered":"","protected":false},"author":1,"featured_media":0,"parent":0,"menu_order":0,"comment_status":"closed","ping_status":"closed","template":"100-width.php","meta":{"footnotes":""},"class_list":["post-2095","page","type-page","status-publish","hentry"],"yoast_head":"<!-- This site is optimized with the Yoast SEO plugin v27.2 - https:\/\/yoast.com\/product\/yoast-seo-wordpress\/ -->\n<title>Politique en mati\u00e8re de cookies - Credit Finanz SA<\/title>\n<meta name=\"robots\" content=\"index, follow, max-snippet:-1, max-image-preview:large, max-video-preview:-1\" \/>\n<link rel=\"canonical\" href=\"https:\/\/creditfinanz.ch\/index\/fr\/cookie-policy\/\" \/>\n<meta property=\"og:locale\" content=\"fr_FR\" \/>\n<meta property=\"og:type\" content=\"article\" \/>\n<meta property=\"og:title\" content=\"Politique en mati\u00e8re de cookies - Credit Finanz SA\" \/>\n<meta property=\"og:url\" content=\"https:\/\/creditfinanz.ch\/index\/fr\/cookie-policy\/\" \/>\n<meta property=\"og:site_name\" content=\"Credit Finanz SA\" \/>\n<meta property=\"article:publisher\" content=\"https:\/\/www.facebook.com\/cflugano\/\" \/>\n<meta property=\"article:modified_time\" content=\"2022-10-20T13:11:56+00:00\" \/>\n<meta name=\"twitter:card\" content=\"summary_large_image\" \/>\n<meta name=\"twitter:label1\" content=\"Dur\u00e9e de lecture estim\u00e9e\" \/>\n\t<meta name=\"twitter:data1\" content=\"20 minutes\" \/>\n<script type=\"application\/ld+json\" class=\"yoast-schema-graph\">{\"@context\":\"https:\/\/schema.org\",\"@graph\":[{\"@type\":\"WebPage\",\"@id\":\"https:\/\/creditfinanz.ch\/index\/fr\/cookie-policy\/\",\"url\":\"https:\/\/creditfinanz.ch\/index\/fr\/cookie-policy\/\",\"name\":\"Politique en mati\u00e8re de cookies - Credit Finanz SA\",\"isPartOf\":{\"@id\":\"https:\/\/creditfinanz.ch\/index\/#website\"},\"datePublished\":\"2022-10-20T12:21:09+00:00\",\"dateModified\":\"2022-10-20T13:11:56+00:00\",\"breadcrumb\":{\"@id\":\"https:\/\/creditfinanz.ch\/index\/fr\/cookie-policy\/#breadcrumb\"},\"inLanguage\":\"fr-FR\",\"potentialAction\":[{\"@type\":\"ReadAction\",\"target\":[\"https:\/\/creditfinanz.ch\/index\/fr\/cookie-policy\/\"]}]},{\"@type\":\"BreadcrumbList\",\"@id\":\"https:\/\/creditfinanz.ch\/index\/fr\/cookie-policy\/#breadcrumb\",\"itemListElement\":[{\"@type\":\"ListItem\",\"position\":1,\"name\":\"Home\",\"item\":\"https:\/\/creditfinanz.ch\/index\/fr\/\"},{\"@type\":\"ListItem\",\"position\":2,\"name\":\"Politique en mati\u00e8re de cookies\"}]},{\"@type\":\"WebSite\",\"@id\":\"https:\/\/creditfinanz.ch\/index\/#website\",\"url\":\"https:\/\/creditfinanz.ch\/index\/\",\"name\":\"Credit Finanz SA\",\"description\":\"Lugano - Bellinzona\",\"publisher\":{\"@id\":\"https:\/\/creditfinanz.ch\/index\/#organization\"},\"potentialAction\":[{\"@type\":\"SearchAction\",\"target\":{\"@type\":\"EntryPoint\",\"urlTemplate\":\"https:\/\/creditfinanz.ch\/index\/?s={search_term_string}\"},\"query-input\":{\"@type\":\"PropertyValueSpecification\",\"valueRequired\":true,\"valueName\":\"search_term_string\"}}],\"inLanguage\":\"fr-FR\"},{\"@type\":\"Organization\",\"@id\":\"https:\/\/creditfinanz.ch\/index\/#organization\",\"name\":\"Credit Finanz SA\",\"url\":\"https:\/\/creditfinanz.ch\/index\/\",\"logo\":{\"@type\":\"ImageObject\",\"inLanguage\":\"fr-FR\",\"@id\":\"https:\/\/creditfinanz.ch\/index\/#\/schema\/logo\/image\/\",\"url\":\"https:\/\/creditfinanz.ch\/index\/wp-content\/uploads\/2021\/05\/400.png\",\"contentUrl\":\"https:\/\/creditfinanz.ch\/index\/wp-content\/uploads\/2021\/05\/400.png\",\"width\":400,\"height\":51,\"caption\":\"Credit Finanz SA\"},\"image\":{\"@id\":\"https:\/\/creditfinanz.ch\/index\/#\/schema\/logo\/image\/\"},\"sameAs\":[\"https:\/\/www.facebook.com\/cflugano\/\",\"https:\/\/www.linkedin.com\/company-beta\/11124857\/\"]}]}<\/script>\n<!-- \/ Yoast SEO plugin. -->","yoast_head_json":{"title":"Politique en mati\u00e8re de cookies - Credit Finanz SA","robots":{"index":"index","follow":"follow","max-snippet":"max-snippet:-1","max-image-preview":"max-image-preview:large","max-video-preview":"max-video-preview:-1"},"canonical":"https:\/\/creditfinanz.ch\/index\/fr\/cookie-policy\/","og_locale":"fr_FR","og_type":"article","og_title":"Politique en mati\u00e8re de cookies - Credit Finanz SA","og_url":"https:\/\/creditfinanz.ch\/index\/fr\/cookie-policy\/","og_site_name":"Credit Finanz SA","article_publisher":"https:\/\/www.facebook.com\/cflugano\/","article_modified_time":"2022-10-20T13:11:56+00:00","twitter_card":"summary_large_image","twitter_misc":{"Dur\u00e9e de lecture estim\u00e9e":"20 minutes"},"schema":{"@context":"https:\/\/schema.org","@graph":[{"@type":"WebPage","@id":"https:\/\/creditfinanz.ch\/index\/fr\/cookie-policy\/","url":"https:\/\/creditfinanz.ch\/index\/fr\/cookie-policy\/","name":"Politique en mati\u00e8re de cookies - Credit Finanz SA","isPartOf":{"@id":"https:\/\/creditfinanz.ch\/index\/#website"},"datePublished":"2022-10-20T12:21:09+00:00","dateModified":"2022-10-20T13:11:56+00:00","breadcrumb":{"@id":"https:\/\/creditfinanz.ch\/index\/fr\/cookie-policy\/#breadcrumb"},"inLanguage":"fr-FR","potentialAction":[{"@type":"ReadAction","target":["https:\/\/creditfinanz.ch\/index\/fr\/cookie-policy\/"]}]},{"@type":"BreadcrumbList","@id":"https:\/\/creditfinanz.ch\/index\/fr\/cookie-policy\/#breadcrumb","itemListElement":[{"@type":"ListItem","position":1,"name":"Home","item":"https:\/\/creditfinanz.ch\/index\/fr\/"},{"@type":"ListItem","position":2,"name":"Politique en mati\u00e8re de cookies"}]},{"@type":"WebSite","@id":"https:\/\/creditfinanz.ch\/index\/#website","url":"https:\/\/creditfinanz.ch\/index\/","name":"Credit Finanz SA","description":"Lugano - Bellinzona","publisher":{"@id":"https:\/\/creditfinanz.ch\/index\/#organization"},"potentialAction":[{"@type":"SearchAction","target":{"@type":"EntryPoint","urlTemplate":"https:\/\/creditfinanz.ch\/index\/?s={search_term_string}"},"query-input":{"@type":"PropertyValueSpecification","valueRequired":true,"valueName":"search_term_string"}}],"inLanguage":"fr-FR"},{"@type":"Organization","@id":"https:\/\/creditfinanz.ch\/index\/#organization","name":"Credit Finanz SA","url":"https:\/\/creditfinanz.ch\/index\/","logo":{"@type":"ImageObject","inLanguage":"fr-FR","@id":"https:\/\/creditfinanz.ch\/index\/#\/schema\/logo\/image\/","url":"https:\/\/creditfinanz.ch\/index\/wp-content\/uploads\/2021\/05\/400.png","contentUrl":"https:\/\/creditfinanz.ch\/index\/wp-content\/uploads\/2021\/05\/400.png","width":400,"height":51,"caption":"Credit Finanz SA"},"image":{"@id":"https:\/\/creditfinanz.ch\/index\/#\/schema\/logo\/image\/"},"sameAs":["https:\/\/www.facebook.com\/cflugano\/","https:\/\/www.linkedin.com\/company-beta\/11124857\/"]}]}},"_links":{"self":[{"href":"https:\/\/creditfinanz.ch\/index\/fr\/wp-json\/wp\/v2\/pages\/2095","targetHints":{"allow":["GET"]}}],"collection":[{"href":"https:\/\/creditfinanz.ch\/index\/fr\/wp-json\/wp\/v2\/pages"}],"about":[{"href":"https:\/\/creditfinanz.ch\/index\/fr\/wp-json\/wp\/v2\/types\/page"}],"author":[{"embeddable":true,"href":"https:\/\/creditfinanz.ch\/index\/fr\/wp-json\/wp\/v2\/users\/1"}],"replies":[{"embeddable":true,"href":"https:\/\/creditfinanz.ch\/index\/fr\/wp-json\/wp\/v2\/comments?post=2095"}],"version-history":[{"count":4,"href":"https:\/\/creditfinanz.ch\/index\/fr\/wp-json\/wp\/v2\/pages\/2095\/revisions"}],"predecessor-version":[{"id":2112,"href":"https:\/\/creditfinanz.ch\/index\/fr\/wp-json\/wp\/v2\/pages\/2095\/revisions\/2112"}],"wp:attachment":[{"href":"https:\/\/creditfinanz.ch\/index\/fr\/wp-json\/wp\/v2\/media?parent=2095"}],"curies":[{"name":"wp","href":"https:\/\/api.w.org\/{rel}","templated":true}]}}