{"id":847,"date":"2021-07-08T12:25:46","date_gmt":"2021-07-08T10:25:46","guid":{"rendered":"https:\/\/cf.idealab-dev.ch\/chi-siamo\/"},"modified":"2023-10-27T15:48:58","modified_gmt":"2023-10-27T13:48:58","slug":"qui-sommes-nous","status":"publish","type":"page","link":"https:\/\/creditfinanz.ch\/index\/fr\/qui-sommes-nous\/","title":{"rendered":"Qui sommes nous"},"content":{"rendered":"<p><div class=\"fusion-fullwidth fullwidth-box fusion-builder-row-1 fusion-flex-container fusion-parallax-none nonhundred-percent-fullwidth non-hundred-percent-height-scrolling fusion-no-small-visibility\" style=\"--awb-background-position:right center;--awb-border-sizes-left:0;--awb-border-sizes-right:0;--awb-border-radius-top-left:0px;--awb-border-radius-top-right:0px;--awb-border-radius-bottom-right:0px;--awb-border-radius-bottom-left:0px;--awb-padding-top:0px;--awb-padding-bottom:0px;--awb-margin-top:0px;--awb-margin-bottom:0px;--awb-background-color:#f39200;--awb-background-image:url(&quot;https:\/\/creditfinanz.ch\/index\/wp-content\/uploads\/2021\/10\/chi_head.jpg&quot;);--awb-background-size:cover;--awb-flex-wrap:wrap;\" ><div class=\"fusion-builder-row fusion-row fusion-flex-align-items-stretch fusion-flex-content-wrap\" style=\"max-width:1248px;margin-left: calc(-4% \/ 2 );margin-right: calc(-4% \/ 2 );\"><div class=\"fusion-layout-column fusion_builder_column fusion-builder-column-0 fusion_builder_column_1_2 1_2 fusion-flex-column\" style=\"--awb-padding-bottom:0px;--awb-bg-image:linear-gradient(180deg, #f39200 0%,#f39200 100%);--awb-bg-size:cover;--awb-width-large:50%;--awb-margin-top-large:0px;--awb-spacing-right-large:3.84%;--awb-margin-bottom-large:0px;--awb-spacing-left-large:3.84%;--awb-width-medium:50%;--awb-order-medium:0;--awb-spacing-right-medium:3.84%;--awb-spacing-left-medium:3.84%;--awb-width-small:100%;--awb-order-small:0;--awb-spacing-right-small:1.92%;--awb-spacing-left-small:1.92%;\"><div class=\"fusion-column-wrapper fusion-column-has-shadow fusion-flex-justify-content-flex-start fusion-content-layout-column\"><div class=\"fusion-separator fusion-full-width-sep\" style=\"align-self: center;margin-left: auto;margin-right: auto;margin-top:30%;width:100%;\"><\/div><div class=\"fusion-text fusion-text-1\"><h1><span style=\"color: #ffffff;\">Qui sommes nous<\/span><\/h1>\n<p><span style=\"color: #ffffff;\">L\u2019une des plus comp\u00e9tentes agences avec une autorisation l\u00e9gale accr\u00e9dit\u00e9e pour l\u2019interm\u00e9diation du Cr\u00e9dit Priv\u00e9 avec le taux d\u2019int\u00e9r\u00eat le plus bas en toute la Suisse.<\/span><\/p>\n<\/div><div class=\"fusion-separator fusion-full-width-sep\" style=\"align-self: center;margin-left: auto;margin-right: auto;margin-top:20px;width:100%;\"><\/div><div ><a class=\"fusion-button button-flat fusion-button-default-size button-custom fusion-button-default button-1 fusion-button-default-span fusion-button-default-type\" style=\"--button_accent_color:#f39200;--button_accent_hover_color:#f39200;--button_border_hover_color:#ffffff;--button_gradient_top_color:#ffffff;--button_gradient_bottom_color:#ffffff;--button_gradient_top_color_hover:rgba(255,255,255,0.8);--button_gradient_bottom_color_hover:rgba(255,255,255,0.8);\" target=\"_self\" href=\"#piu\"><span class=\"fusion-button-text awb-button__text awb-button__text--default\">En savoir plus<\/span><\/a><\/div><div class=\"fusion-separator fusion-full-width-sep\" style=\"align-self: center;margin-left: auto;margin-right: auto;margin-top:30%;width:100%;\"><\/div><\/div><\/div><div class=\"fusion-layout-column fusion_builder_column fusion-builder-column-1 fusion_builder_column_1_2 1_2 fusion-flex-column\" style=\"--awb-padding-top:0px;--awb-padding-right:0px;--awb-padding-bottom:0px;--awb-padding-left:0px;--awb-bg-position:center center;--awb-bg-size:cover;--awb-width-large:50%;--awb-margin-top-large:0px;--awb-spacing-right-large:0px;--awb-margin-bottom-large:0px;--awb-spacing-left-large:0px;--awb-width-medium:50%;--awb-order-medium:0;--awb-spacing-right-medium:0px;--awb-spacing-left-medium:0px;--awb-width-small:100%;--awb-order-small:0;--awb-spacing-right-small:1.92%;--awb-spacing-left-small:1.92%;\"><div class=\"fusion-column-wrapper fusion-column-has-shadow fusion-flex-justify-content-flex-start fusion-content-layout-column\"><\/div><\/div><\/div><\/div><div class=\"fusion-fullwidth fullwidth-box fusion-builder-row-2 fusion-flex-container nonhundred-percent-fullwidth non-hundred-percent-height-scrolling fusion-no-medium-visibility fusion-no-large-visibility\" style=\"--awb-background-position:right center;--awb-border-sizes-left:0;--awb-border-sizes-right:0;--awb-border-radius-top-left:0px;--awb-border-radius-top-right:0px;--awb-border-radius-bottom-right:0px;--awb-border-radius-bottom-left:0px;--awb-padding-top:0px;--awb-padding-bottom:0px;--awb-margin-top:0px;--awb-margin-bottom:0px;--awb-background-color:#f39200;--awb-flex-wrap:wrap;\" ><div class=\"fusion-builder-row fusion-row fusion-flex-align-items-stretch fusion-flex-content-wrap\" style=\"max-width:1248px;margin-left: calc(-4% \/ 2 );margin-right: calc(-4% \/ 2 );\"><div class=\"fusion-layout-column fusion_builder_column fusion-builder-column-2 fusion_builder_column_1_1 1_1 fusion-flex-column\" style=\"--awb-padding-bottom:0px;--awb-bg-color:#f39200;--awb-bg-color-hover:#f39200;--awb-bg-size:cover;--awb-width-large:100%;--awb-margin-top-large:0px;--awb-spacing-right-large:1.92%;--awb-margin-bottom-large:0px;--awb-spacing-left-large:1.92%;--awb-width-medium:100%;--awb-order-medium:0;--awb-spacing-right-medium:1.92%;--awb-spacing-left-medium:1.92%;--awb-width-small:100%;--awb-order-small:0;--awb-spacing-right-small:1.92%;--awb-spacing-left-small:1.92%;\"><div class=\"fusion-column-wrapper fusion-column-has-shadow fusion-flex-justify-content-flex-start fusion-content-layout-column\"><div class=\"fusion-separator fusion-full-width-sep\" style=\"align-self: center;margin-left: auto;margin-right: auto;margin-top:20%;width:100%;\"><\/div><div class=\"fusion-text fusion-text-2\"><h1><span style=\"color: #ffffff;\">Qui sommes nous<\/span><\/h1>\n<p><span style=\"color: #ffffff;\">L\u2019une des plus comp\u00e9tentes agences avec une autorisation l\u00e9gale accr\u00e9dit\u00e9e pour l\u2019interm\u00e9diation du Cr\u00e9dit Priv\u00e9 avec le taux d\u2019int\u00e9r\u00eat le plus bas en toute la Suisse.<\/span><\/p>\n<\/div><div class=\"fusion-separator fusion-full-width-sep\" style=\"align-self: center;margin-left: auto;margin-right: auto;margin-top:20px;width:100%;\"><\/div><div ><a class=\"fusion-button button-flat fusion-button-default-size button-custom fusion-button-default button-2 fusion-button-default-span fusion-button-default-type\" style=\"--button_accent_color:#f39200;--button_accent_hover_color:#f39200;--button_border_hover_color:#ffffff;--button_gradient_top_color:#ffffff;--button_gradient_bottom_color:#ffffff;--button_gradient_top_color_hover:rgba(255,255,255,0.8);--button_gradient_bottom_color_hover:rgba(255,255,255,0.8);\" target=\"_self\" href=\"#piu\"><span class=\"fusion-button-text awb-button__text awb-button__text--default\">En savoir plus<\/span><\/a><\/div><div class=\"fusion-separator fusion-full-width-sep\" style=\"align-self: center;margin-left: auto;margin-right: auto;margin-top:20%;width:100%;\"><\/div><\/div><\/div><\/div><\/div><div class=\"fusion-fullwidth fullwidth-box fusion-builder-row-3 fusion-flex-container hundred-percent-fullwidth non-hundred-percent-height-scrolling fusion-no-medium-visibility fusion-no-large-visibility\" style=\"--awb-background-position:right center;--awb-border-sizes-left:0;--awb-border-sizes-right:0;--awb-border-radius-top-left:0px;--awb-border-radius-top-right:0px;--awb-border-radius-bottom-right:0px;--awb-border-radius-bottom-left:0px;--awb-padding-top:0px;--awb-padding-right:0px;--awb-padding-bottom:0px;--awb-padding-left:0px;--awb-margin-top:0px;--awb-margin-bottom:0px;--awb-background-color:#f39200;--awb-flex-wrap:wrap;\" ><div class=\"fusion-builder-row fusion-row fusion-flex-align-items-stretch fusion-flex-content-wrap\" style=\"width:104% !important;max-width:104% !important;margin-left: calc(-4% \/ 2 );margin-right: calc(-4% \/ 2 );\"><div class=\"fusion-layout-column fusion_builder_column fusion-builder-column-3 fusion_builder_column_1_1 1_1 fusion-flex-column\" style=\"--awb-padding-top:0px;--awb-padding-right:0px;--awb-padding-bottom:0px;--awb-padding-left:0px;--awb-bg-color:#f39200;--awb-bg-color-hover:#f39200;--awb-bg-image:url(&#039;https:\/\/creditfinanz.ch\/index\/wp-content\/uploads\/2021\/10\/chi_body.jpg&#039;);--awb-bg-position:center center;--awb-bg-size:cover;--awb-width-large:100%;--awb-margin-top-large:0px;--awb-spacing-right-large:0px;--awb-margin-bottom-large:0px;--awb-spacing-left-large:0px;--awb-width-medium:100%;--awb-order-medium:0;--awb-spacing-right-medium:0px;--awb-spacing-left-medium:0px;--awb-width-small:100%;--awb-order-small:0;--awb-spacing-right-small:1.92%;--awb-spacing-left-small:1.92%;\"><div class=\"fusion-column-wrapper fusion-column-has-shadow fusion-flex-justify-content-flex-start fusion-content-layout-column fusion-column-has-bg-image\" data-bg-url=\"https:\/\/creditfinanz.ch\/index\/wp-content\/uploads\/2021\/10\/chi_body.jpg\"><div class=\"fusion-separator fusion-full-width-sep\" style=\"align-self: center;margin-left: auto;margin-right: auto;margin-top:70%;width:100%;\"><\/div><\/div><\/div><\/div><\/div><div class=\"fusion-fullwidth fullwidth-box fusion-builder-row-4 fusion-flex-container nonhundred-percent-fullwidth non-hundred-percent-height-scrolling\" style=\"--awb-border-radius-top-left:0px;--awb-border-radius-top-right:0px;--awb-border-radius-bottom-right:0px;--awb-border-radius-bottom-left:0px;--awb-margin-top:60px;--awb-margin-bottom:60px;--awb-background-color:#ffffff;--awb-background-image:linear-gradient(180deg, #ffffff 0%,#ffffff 100%);--awb-flex-wrap:wrap;\" ><div class=\"fusion-builder-row fusion-row fusion-flex-align-items-flex-start fusion-flex-align-content-center fusion-flex-content-wrap\" style=\"max-width:1248px;margin-left: calc(-4% \/ 2 );margin-right: calc(-4% \/ 2 );\"><div class=\"fusion-layout-column fusion_builder_column fusion-builder-column-4 fusion_builder_column_1_1 1_1 fusion-flex-column fusion-flex-align-self-flex-start\" style=\"--awb-padding-bottom:0px;--awb-bg-size:cover;--awb-width-large:100%;--awb-margin-top-large:0px;--awb-spacing-right-large:1.92%;--awb-margin-bottom-large:0px;--awb-spacing-left-large:1.92%;--awb-width-medium:100%;--awb-order-medium:0;--awb-spacing-right-medium:1.92%;--awb-spacing-left-medium:1.92%;--awb-width-small:100%;--awb-order-small:0;--awb-spacing-right-small:1.92%;--awb-spacing-left-small:1.92%;\"><div class=\"fusion-column-wrapper fusion-column-has-shadow fusion-flex-justify-content-flex-start fusion-content-layout-column\"><div class=\"fusion-menu-anchor\" id=\"piu\"><\/div><div class=\"fusion-text fusion-text-3\"><p><span style=\"color: #f39200;\"><strong>Qui sommes nous<br \/>\n<\/strong><\/span><\/p>\n<\/div><div class=\"fusion-text fusion-text-4\"><h2>Depuis plus de trente ans, \u00e0 vos c\u00f4t\u00e9s<\/h2>\n<\/div><\/div><\/div><div class=\"fusion-layout-column fusion_builder_column fusion-builder-column-5 fusion_builder_column_1_2 1_2 fusion-flex-column fusion-flex-align-self-flex-start\" style=\"--awb-bg-size:cover;--awb-width-large:50%;--awb-margin-top-large:0px;--awb-spacing-right-large:11.52%;--awb-margin-bottom-large:30px;--awb-spacing-left-large:3.84%;--awb-width-medium:50%;--awb-order-medium:0;--awb-spacing-right-medium:11.52%;--awb-spacing-left-medium:3.84%;--awb-width-small:100%;--awb-order-small:0;--awb-spacing-right-small:1.92%;--awb-spacing-left-small:1.92%;\"><div class=\"fusion-column-wrapper fusion-column-has-shadow fusion-flex-justify-content-flex-start fusion-content-layout-column\"><div class=\"fusion-text fusion-text-5\"><p>La creditFinanz SA est \u00e9t\u00e9 cr\u00e9\u00e9e et inscrite dans le Registre du Commerce en 2002 et est aujourd\u2019hui l\u2019une des plus comp\u00e9tentes agences avec une autorisation l\u00e9gale accr\u00e9dit\u00e9e pour l\u2019interm\u00e9diation du Cr\u00e9dit Priv\u00e9 avec le taux d\u2019int\u00e9r\u00eat le plus bas en toute la Suisse.<\/p>\n<p>Gr\u00e2ce \u00e0 nos conseillers, avec environ 30 ann\u00e9es d\u2019exp\u00e9rience, des milliers de clients fid\u00e8les sont la preuve de notre conseil comp\u00e9tent tant pour l\u2019interm\u00e9diation dans les Cr\u00e9dit Priv\u00e9, que pour les Assurances Maladie, Assurances Vie et Branches G\u00e9n\u00e9raux, ainsi que le conseil pour \u00e9conomiser sur les imp\u00f4ts.<\/p>\n<p>Nos principes inspir\u00e9s par la discr\u00e9tion, la transparence et fond\u00e9s fermement sur le rigueur et l\u2019\u00e9quit\u00e9, ont permis \u00e0 notre soci\u00e9t\u00e9 de se consolider sur la place financi\u00e8re et des assurances suisse et de gagner la confiance et la cr\u00e9dibilit\u00e9 n\u00e9cessaires pour entretenir des v\u00e9ritables collaborations avec plusieurs instituts de cr\u00e9dit et d\u2019assurance<\/p>\n<\/div><\/div><\/div><div class=\"fusion-layout-column fusion_builder_column fusion-builder-column-6 fusion_builder_column_1_2 1_2 fusion-flex-column fusion-flex-align-self-flex-start\" style=\"--awb-bg-size:cover;--awb-width-large:50%;--awb-margin-top-large:0px;--awb-spacing-right-large:11.52%;--awb-margin-bottom-large:30px;--awb-spacing-left-large:3.84%;--awb-width-medium:50%;--awb-order-medium:0;--awb-spacing-right-medium:11.52%;--awb-spacing-left-medium:3.84%;--awb-width-small:100%;--awb-order-small:0;--awb-spacing-right-small:1.92%;--awb-spacing-left-small:1.92%;\"><div class=\"fusion-column-wrapper fusion-column-has-shadow fusion-flex-justify-content-flex-start fusion-content-layout-column\"><div class=\"fusion-text fusion-text-6\"><p>Concernant le cr\u00e9dit priv\u00e9 et le cr\u00e9dit hypoth\u00e9caire nous d\u00e9pendons des plus importantes Banques suisses sp\u00e9cialis\u00e9es dans ces domaines, de telle mani\u00e8re on arrive \u00e0 satisfaire au mieux nos clients.<\/p>\n<p>En ce qui concerne les Assurances Maladie, Vie et tous les autres Domaines d\u2019assurance nous travaillons avec les meilleures Compagnies d\u2019Assurance en Suisse, de cette fa\u00e7on on offre le meilleur service possible \u00e0 nos clients. Nous vous remercions d\u2019avoir choisi notre site internet pour obtenir les informations. Pour plus d\u2019informations vous pouvez vous adresser personnellement, par t\u00e9l\u00e9phone ou par E-mail \u00e0 l\u2019un de nos bureaux \u00e0 Lugano ou \u00e0 Bellinzona.<\/p>\n<\/div><div class=\"fusion-separator fusion-full-width-sep\" style=\"align-self: center;margin-left: auto;margin-right: auto;margin-top:20px;width:100%;\"><\/div><div ><a class=\"fusion-button button-flat fusion-button-default-size button-default fusion-button-default button-3 fusion-button-default-span fusion-button-default-type\" target=\"_self\" href=\"\/index\/fr\/contacts\/\"><span class=\"fusion-button-text awb-button__text awb-button__text--default\">Bureaux et contacts<\/span><\/a><\/div><\/div><\/div><\/div><\/div><\/p>\n","protected":false},"excerpt":{"rendered":"","protected":false},"author":1,"featured_media":0,"parent":0,"menu_order":0,"comment_status":"closed","ping_status":"closed","template":"100-width.php","meta":{"footnotes":""},"class_list":["post-847","page","type-page","status-publish","hentry"],"yoast_head":"<!-- This site is optimized with the Yoast SEO plugin v27.2 - https:\/\/yoast.com\/product\/yoast-seo-wordpress\/ -->\n<title>Cr\u00e9dit Priv\u00e9 en Suisse - Qui sommes nous - Credit Finanz SA<\/title>\n<meta name=\"description\" content=\"L\u2019une des plus comp\u00e9tentes agences avec une autorisation l\u00e9gale accr\u00e9dit\u00e9e pour l\u2019interm\u00e9diation du Cr\u00e9dit Priv\u00e9 en Suisse.\" \/>\n<meta name=\"robots\" content=\"index, follow, max-snippet:-1, max-image-preview:large, max-video-preview:-1\" \/>\n<link rel=\"canonical\" href=\"https:\/\/creditfinanz.ch\/index\/fr\/qui-sommes-nous\/\" \/>\n<meta property=\"og:locale\" content=\"fr_FR\" \/>\n<meta property=\"og:type\" content=\"article\" \/>\n<meta property=\"og:title\" content=\"Cr\u00e9dit Priv\u00e9 en Suisse - Qui sommes nous - Credit Finanz SA\" \/>\n<meta property=\"og:description\" content=\"L\u2019une des plus comp\u00e9tentes agences avec une autorisation l\u00e9gale accr\u00e9dit\u00e9e pour l\u2019interm\u00e9diation du Cr\u00e9dit Priv\u00e9 en Suisse.\" \/>\n<meta property=\"og:url\" content=\"https:\/\/creditfinanz.ch\/index\/fr\/qui-sommes-nous\/\" \/>\n<meta property=\"og:site_name\" content=\"Credit Finanz SA\" \/>\n<meta property=\"article:publisher\" content=\"https:\/\/www.facebook.com\/cflugano\/\" \/>\n<meta property=\"article:modified_time\" content=\"2023-10-27T13:48:58+00:00\" \/>\n<meta name=\"twitter:card\" content=\"summary_large_image\" \/>\n<meta name=\"twitter:label1\" content=\"Dur\u00e9e de lecture estim\u00e9e\" \/>\n\t<meta name=\"twitter:data1\" content=\"10 minutes\" \/>\n<script type=\"application\/ld+json\" class=\"yoast-schema-graph\">{\"@context\":\"https:\/\/schema.org\",\"@graph\":[{\"@type\":\"WebPage\",\"@id\":\"https:\/\/creditfinanz.ch\/index\/fr\/qui-sommes-nous\/\",\"url\":\"https:\/\/creditfinanz.ch\/index\/fr\/qui-sommes-nous\/\",\"name\":\"Cr\u00e9dit Priv\u00e9 en Suisse - Qui sommes nous - Credit Finanz SA\",\"isPartOf\":{\"@id\":\"https:\/\/creditfinanz.ch\/index\/#website\"},\"datePublished\":\"2021-07-08T10:25:46+00:00\",\"dateModified\":\"2023-10-27T13:48:58+00:00\",\"description\":\"L\u2019une des plus comp\u00e9tentes agences avec une autorisation l\u00e9gale accr\u00e9dit\u00e9e pour l\u2019interm\u00e9diation du Cr\u00e9dit Priv\u00e9 en Suisse.\",\"breadcrumb\":{\"@id\":\"https:\/\/creditfinanz.ch\/index\/fr\/qui-sommes-nous\/#breadcrumb\"},\"inLanguage\":\"fr-FR\",\"potentialAction\":[{\"@type\":\"ReadAction\",\"target\":[\"https:\/\/creditfinanz.ch\/index\/fr\/qui-sommes-nous\/\"]}]},{\"@type\":\"BreadcrumbList\",\"@id\":\"https:\/\/creditfinanz.ch\/index\/fr\/qui-sommes-nous\/#breadcrumb\",\"itemListElement\":[{\"@type\":\"ListItem\",\"position\":1,\"name\":\"Home\",\"item\":\"https:\/\/creditfinanz.ch\/index\/fr\/\"},{\"@type\":\"ListItem\",\"position\":2,\"name\":\"Qui sommes nous\"}]},{\"@type\":\"WebSite\",\"@id\":\"https:\/\/creditfinanz.ch\/index\/#website\",\"url\":\"https:\/\/creditfinanz.ch\/index\/\",\"name\":\"Credit Finanz SA\",\"description\":\"Lugano - Bellinzona\",\"publisher\":{\"@id\":\"https:\/\/creditfinanz.ch\/index\/#organization\"},\"potentialAction\":[{\"@type\":\"SearchAction\",\"target\":{\"@type\":\"EntryPoint\",\"urlTemplate\":\"https:\/\/creditfinanz.ch\/index\/?s={search_term_string}\"},\"query-input\":{\"@type\":\"PropertyValueSpecification\",\"valueRequired\":true,\"valueName\":\"search_term_string\"}}],\"inLanguage\":\"fr-FR\"},{\"@type\":\"Organization\",\"@id\":\"https:\/\/creditfinanz.ch\/index\/#organization\",\"name\":\"Credit Finanz SA\",\"url\":\"https:\/\/creditfinanz.ch\/index\/\",\"logo\":{\"@type\":\"ImageObject\",\"inLanguage\":\"fr-FR\",\"@id\":\"https:\/\/creditfinanz.ch\/index\/#\/schema\/logo\/image\/\",\"url\":\"https:\/\/creditfinanz.ch\/index\/wp-content\/uploads\/2021\/05\/400.png\",\"contentUrl\":\"https:\/\/creditfinanz.ch\/index\/wp-content\/uploads\/2021\/05\/400.png\",\"width\":400,\"height\":51,\"caption\":\"Credit Finanz SA\"},\"image\":{\"@id\":\"https:\/\/creditfinanz.ch\/index\/#\/schema\/logo\/image\/\"},\"sameAs\":[\"https:\/\/www.facebook.com\/cflugano\/\",\"https:\/\/www.linkedin.com\/company-beta\/11124857\/\"]}]}<\/script>\n<!-- \/ Yoast SEO plugin. -->","yoast_head_json":{"title":"Cr\u00e9dit Priv\u00e9 en Suisse - Qui sommes nous - Credit Finanz SA","description":"L\u2019une des plus comp\u00e9tentes agences avec une autorisation l\u00e9gale accr\u00e9dit\u00e9e pour l\u2019interm\u00e9diation du Cr\u00e9dit Priv\u00e9 en Suisse.","robots":{"index":"index","follow":"follow","max-snippet":"max-snippet:-1","max-image-preview":"max-image-preview:large","max-video-preview":"max-video-preview:-1"},"canonical":"https:\/\/creditfinanz.ch\/index\/fr\/qui-sommes-nous\/","og_locale":"fr_FR","og_type":"article","og_title":"Cr\u00e9dit Priv\u00e9 en Suisse - Qui sommes nous - Credit Finanz SA","og_description":"L\u2019une des plus comp\u00e9tentes agences avec une autorisation l\u00e9gale accr\u00e9dit\u00e9e pour l\u2019interm\u00e9diation du Cr\u00e9dit Priv\u00e9 en Suisse.","og_url":"https:\/\/creditfinanz.ch\/index\/fr\/qui-sommes-nous\/","og_site_name":"Credit Finanz SA","article_publisher":"https:\/\/www.facebook.com\/cflugano\/","article_modified_time":"2023-10-27T13:48:58+00:00","twitter_card":"summary_large_image","twitter_misc":{"Dur\u00e9e de lecture estim\u00e9e":"10 minutes"},"schema":{"@context":"https:\/\/schema.org","@graph":[{"@type":"WebPage","@id":"https:\/\/creditfinanz.ch\/index\/fr\/qui-sommes-nous\/","url":"https:\/\/creditfinanz.ch\/index\/fr\/qui-sommes-nous\/","name":"Cr\u00e9dit Priv\u00e9 en Suisse - Qui sommes nous - Credit Finanz SA","isPartOf":{"@id":"https:\/\/creditfinanz.ch\/index\/#website"},"datePublished":"2021-07-08T10:25:46+00:00","dateModified":"2023-10-27T13:48:58+00:00","description":"L\u2019une des plus comp\u00e9tentes agences avec une autorisation l\u00e9gale accr\u00e9dit\u00e9e pour l\u2019interm\u00e9diation du Cr\u00e9dit Priv\u00e9 en Suisse.","breadcrumb":{"@id":"https:\/\/creditfinanz.ch\/index\/fr\/qui-sommes-nous\/#breadcrumb"},"inLanguage":"fr-FR","potentialAction":[{"@type":"ReadAction","target":["https:\/\/creditfinanz.ch\/index\/fr\/qui-sommes-nous\/"]}]},{"@type":"BreadcrumbList","@id":"https:\/\/creditfinanz.ch\/index\/fr\/qui-sommes-nous\/#breadcrumb","itemListElement":[{"@type":"ListItem","position":1,"name":"Home","item":"https:\/\/creditfinanz.ch\/index\/fr\/"},{"@type":"ListItem","position":2,"name":"Qui sommes nous"}]},{"@type":"WebSite","@id":"https:\/\/creditfinanz.ch\/index\/#website","url":"https:\/\/creditfinanz.ch\/index\/","name":"Credit Finanz SA","description":"Lugano - Bellinzona","publisher":{"@id":"https:\/\/creditfinanz.ch\/index\/#organization"},"potentialAction":[{"@type":"SearchAction","target":{"@type":"EntryPoint","urlTemplate":"https:\/\/creditfinanz.ch\/index\/?s={search_term_string}"},"query-input":{"@type":"PropertyValueSpecification","valueRequired":true,"valueName":"search_term_string"}}],"inLanguage":"fr-FR"},{"@type":"Organization","@id":"https:\/\/creditfinanz.ch\/index\/#organization","name":"Credit Finanz SA","url":"https:\/\/creditfinanz.ch\/index\/","logo":{"@type":"ImageObject","inLanguage":"fr-FR","@id":"https:\/\/creditfinanz.ch\/index\/#\/schema\/logo\/image\/","url":"https:\/\/creditfinanz.ch\/index\/wp-content\/uploads\/2021\/05\/400.png","contentUrl":"https:\/\/creditfinanz.ch\/index\/wp-content\/uploads\/2021\/05\/400.png","width":400,"height":51,"caption":"Credit Finanz SA"},"image":{"@id":"https:\/\/creditfinanz.ch\/index\/#\/schema\/logo\/image\/"},"sameAs":["https:\/\/www.facebook.com\/cflugano\/","https:\/\/www.linkedin.com\/company-beta\/11124857\/"]}]}},"_links":{"self":[{"href":"https:\/\/creditfinanz.ch\/index\/fr\/wp-json\/wp\/v2\/pages\/847","targetHints":{"allow":["GET"]}}],"collection":[{"href":"https:\/\/creditfinanz.ch\/index\/fr\/wp-json\/wp\/v2\/pages"}],"about":[{"href":"https:\/\/creditfinanz.ch\/index\/fr\/wp-json\/wp\/v2\/types\/page"}],"author":[{"embeddable":true,"href":"https:\/\/creditfinanz.ch\/index\/fr\/wp-json\/wp\/v2\/users\/1"}],"replies":[{"embeddable":true,"href":"https:\/\/creditfinanz.ch\/index\/fr\/wp-json\/wp\/v2\/comments?post=847"}],"version-history":[{"count":13,"href":"https:\/\/creditfinanz.ch\/index\/fr\/wp-json\/wp\/v2\/pages\/847\/revisions"}],"predecessor-version":[{"id":2245,"href":"https:\/\/creditfinanz.ch\/index\/fr\/wp-json\/wp\/v2\/pages\/847\/revisions\/2245"}],"wp:attachment":[{"href":"https:\/\/creditfinanz.ch\/index\/fr\/wp-json\/wp\/v2\/media?parent=847"}],"curies":[{"name":"wp","href":"https:\/\/api.w.org\/{rel}","templated":true}]}}