{"id":2097,"date":"2022-10-20T14:21:09","date_gmt":"2022-10-20T12:21:09","guid":{"rendered":"https:\/\/creditfinanz.ch\/index\/cookie-policy\/"},"modified":"2022-10-20T15:13:47","modified_gmt":"2022-10-20T13:13:47","slug":"cookie-policy","status":"publish","type":"page","link":"https:\/\/creditfinanz.ch\/index\/pt-pt\/cookie-policy\/","title":{"rendered":"Pol\u00edtica de cookies"},"content":{"rendered":"<p><div class=\"fusion-fullwidth fullwidth-box fusion-builder-row-1 fusion-flex-container fusion-parallax-none nonhundred-percent-fullwidth non-hundred-percent-height-scrolling fusion-no-small-visibility\" style=\"--awb-background-position:right center;--awb-border-sizes-left:0;--awb-border-sizes-right:0;--awb-border-radius-top-left:0px;--awb-border-radius-top-right:0px;--awb-border-radius-bottom-right:0px;--awb-border-radius-bottom-left:0px;--awb-padding-top:0px;--awb-padding-bottom:0px;--awb-margin-top:0px;--awb-margin-bottom:0px;--awb-background-color:#f39200;--awb-background-image:url(&quot;https:\/\/creditfinanz.ch\/index\/wp-content\/uploads\/2021\/10\/chi_head.jpg&quot;);--awb-background-size:cover;--awb-flex-wrap:wrap;\" ><div class=\"fusion-builder-row fusion-row fusion-flex-align-items-stretch fusion-flex-content-wrap\" style=\"max-width:1248px;margin-left: calc(-4% \/ 2 );margin-right: calc(-4% \/ 2 );\"><div class=\"fusion-layout-column fusion_builder_column fusion-builder-column-0 fusion_builder_column_1_2 1_2 fusion-flex-column\" style=\"--awb-padding-bottom:0px;--awb-bg-image:linear-gradient(180deg, #f39200 0%,#f39200 100%);--awb-bg-size:cover;--awb-width-large:50%;--awb-margin-top-large:0px;--awb-spacing-right-large:3.84%;--awb-margin-bottom-large:0px;--awb-spacing-left-large:3.84%;--awb-width-medium:50%;--awb-order-medium:0;--awb-spacing-right-medium:3.84%;--awb-spacing-left-medium:3.84%;--awb-width-small:100%;--awb-order-small:0;--awb-spacing-right-small:1.92%;--awb-spacing-left-small:1.92%;\"><div class=\"fusion-column-wrapper fusion-column-has-shadow fusion-flex-justify-content-flex-start fusion-content-layout-column\"><div class=\"fusion-separator fusion-full-width-sep\" style=\"align-self: center;margin-left: auto;margin-right: auto;margin-top:30%;width:100%;\"><\/div><div class=\"fusion-text fusion-text-1\"><h1><span style=\"color: #ffffff;\">Pol\u00edtica de cookies<\/span><\/h1>\n<\/div><div class=\"fusion-separator fusion-full-width-sep\" style=\"align-self: center;margin-left: auto;margin-right: auto;margin-top:30%;width:100%;\"><\/div><\/div><\/div><div class=\"fusion-layout-column fusion_builder_column fusion-builder-column-1 fusion_builder_column_1_2 1_2 fusion-flex-column\" style=\"--awb-padding-top:0px;--awb-padding-right:0px;--awb-padding-bottom:0px;--awb-padding-left:0px;--awb-bg-position:center center;--awb-bg-size:cover;--awb-width-large:50%;--awb-margin-top-large:0px;--awb-spacing-right-large:0px;--awb-margin-bottom-large:0px;--awb-spacing-left-large:0px;--awb-width-medium:50%;--awb-order-medium:0;--awb-spacing-right-medium:0px;--awb-spacing-left-medium:0px;--awb-width-small:100%;--awb-order-small:0;--awb-spacing-right-small:1.92%;--awb-spacing-left-small:1.92%;\"><div class=\"fusion-column-wrapper fusion-column-has-shadow fusion-flex-justify-content-flex-start fusion-content-layout-column\"><\/div><\/div><\/div><\/div><div class=\"fusion-fullwidth fullwidth-box fusion-builder-row-2 fusion-flex-container nonhundred-percent-fullwidth non-hundred-percent-height-scrolling fusion-no-medium-visibility fusion-no-large-visibility\" style=\"--awb-background-position:right center;--awb-border-sizes-left:0;--awb-border-sizes-right:0;--awb-border-radius-top-left:0px;--awb-border-radius-top-right:0px;--awb-border-radius-bottom-right:0px;--awb-border-radius-bottom-left:0px;--awb-padding-top:0px;--awb-padding-bottom:0px;--awb-margin-top:0px;--awb-margin-bottom:0px;--awb-background-color:#f39200;--awb-flex-wrap:wrap;\" ><div class=\"fusion-builder-row fusion-row fusion-flex-align-items-stretch fusion-flex-content-wrap\" style=\"max-width:1248px;margin-left: calc(-4% \/ 2 );margin-right: calc(-4% \/ 2 );\"><div class=\"fusion-layout-column fusion_builder_column fusion-builder-column-2 fusion_builder_column_1_1 1_1 fusion-flex-column\" style=\"--awb-padding-bottom:0px;--awb-bg-color:#f39200;--awb-bg-color-hover:#f39200;--awb-bg-size:cover;--awb-width-large:100%;--awb-margin-top-large:0px;--awb-spacing-right-large:1.92%;--awb-margin-bottom-large:0px;--awb-spacing-left-large:1.92%;--awb-width-medium:100%;--awb-order-medium:0;--awb-spacing-right-medium:1.92%;--awb-spacing-left-medium:1.92%;--awb-width-small:100%;--awb-order-small:0;--awb-spacing-right-small:1.92%;--awb-spacing-left-small:1.92%;\"><div class=\"fusion-column-wrapper fusion-column-has-shadow fusion-flex-justify-content-flex-start fusion-content-layout-column\"><div class=\"fusion-separator fusion-full-width-sep\" style=\"align-self: center;margin-left: auto;margin-right: auto;margin-top:20%;width:100%;\"><\/div><div class=\"fusion-text fusion-text-2\"><h1><span style=\"color: #ffffff;\">Pol\u00edtica de cookies<\/span><\/h1>\n<\/div><div class=\"fusion-separator fusion-full-width-sep\" style=\"align-self: center;margin-left: auto;margin-right: auto;margin-top:20%;width:100%;\"><\/div><\/div><\/div><\/div><\/div><div class=\"fusion-fullwidth fullwidth-box fusion-builder-row-3 fusion-flex-container hundred-percent-fullwidth non-hundred-percent-height-scrolling fusion-no-medium-visibility fusion-no-large-visibility\" style=\"--awb-background-position:right center;--awb-border-sizes-left:0;--awb-border-sizes-right:0;--awb-border-radius-top-left:0px;--awb-border-radius-top-right:0px;--awb-border-radius-bottom-right:0px;--awb-border-radius-bottom-left:0px;--awb-padding-top:0px;--awb-padding-right:0px;--awb-padding-bottom:0px;--awb-padding-left:0px;--awb-margin-top:0px;--awb-margin-bottom:0px;--awb-background-color:#f39200;--awb-flex-wrap:wrap;\" ><div class=\"fusion-builder-row fusion-row fusion-flex-align-items-stretch fusion-flex-content-wrap\" style=\"width:104% !important;max-width:104% !important;margin-left: calc(-4% \/ 2 );margin-right: calc(-4% \/ 2 );\"><div class=\"fusion-layout-column fusion_builder_column fusion-builder-column-3 fusion_builder_column_1_1 1_1 fusion-flex-column\" style=\"--awb-padding-top:0px;--awb-padding-right:0px;--awb-padding-bottom:0px;--awb-padding-left:0px;--awb-bg-color:#f39200;--awb-bg-color-hover:#f39200;--awb-bg-image:url(&#039;https:\/\/creditfinanz.ch\/index\/wp-content\/uploads\/2021\/10\/chi_body.jpg&#039;);--awb-bg-position:center center;--awb-bg-size:cover;--awb-width-large:100%;--awb-margin-top-large:0px;--awb-spacing-right-large:0px;--awb-margin-bottom-large:0px;--awb-spacing-left-large:0px;--awb-width-medium:100%;--awb-order-medium:0;--awb-spacing-right-medium:0px;--awb-spacing-left-medium:0px;--awb-width-small:100%;--awb-order-small:0;--awb-spacing-right-small:1.92%;--awb-spacing-left-small:1.92%;\"><div class=\"fusion-column-wrapper fusion-column-has-shadow fusion-flex-justify-content-flex-start fusion-content-layout-column fusion-column-has-bg-image\" data-bg-url=\"https:\/\/creditfinanz.ch\/index\/wp-content\/uploads\/2021\/10\/chi_body.jpg\"><div class=\"fusion-separator fusion-full-width-sep\" style=\"align-self: center;margin-left: auto;margin-right: auto;margin-top:70%;width:100%;\"><\/div><\/div><\/div><\/div><\/div><div class=\"fusion-fullwidth fullwidth-box fusion-builder-row-4 fusion-flex-container nonhundred-percent-fullwidth non-hundred-percent-height-scrolling\" style=\"--awb-border-radius-top-left:0px;--awb-border-radius-top-right:0px;--awb-border-radius-bottom-right:0px;--awb-border-radius-bottom-left:0px;--awb-margin-top:60px;--awb-margin-bottom:60px;--awb-background-color:#ffffff;--awb-background-image:linear-gradient(180deg, #ffffff 0%,#ffffff 100%);--awb-flex-wrap:wrap;\" ><div class=\"fusion-builder-row fusion-row fusion-flex-align-items-flex-start fusion-flex-align-content-center fusion-flex-content-wrap\" style=\"max-width:1248px;margin-left: calc(-4% \/ 2 );margin-right: calc(-4% \/ 2 );\"><div class=\"fusion-layout-column fusion_builder_column fusion-builder-column-4 fusion_builder_column_1_1 1_1 fusion-flex-column fusion-flex-align-self-flex-start\" style=\"--awb-bg-size:cover;--awb-width-large:100%;--awb-margin-top-large:0px;--awb-spacing-right-large:5.76%;--awb-margin-bottom-large:30px;--awb-spacing-left-large:1.92%;--awb-width-medium:100%;--awb-order-medium:0;--awb-spacing-right-medium:5.76%;--awb-spacing-left-medium:1.92%;--awb-width-small:100%;--awb-order-small:0;--awb-spacing-right-small:1.92%;--awb-spacing-left-small:1.92%;\"><div class=\"fusion-column-wrapper fusion-column-has-shadow fusion-flex-justify-content-flex-start fusion-content-layout-column\"><div class=\"fusion-text fusion-text-3\"><p>Este website utiliza cookies. Utilizamos cookies para personalizar conte\u00fados e an\u00fancios, para fornecer caracter\u00edsticas das redes sociais e para analisar o nosso tr\u00e1fego. Tamb\u00e9m partilhamos informa\u00e7\u00f5es sobre a utiliza\u00e7\u00e3o do nosso site com os nossos parceiros dos meios de comunica\u00e7\u00e3o social, publicidade e an\u00e1lise, que podem combin\u00e1-las com outras informa\u00e7\u00f5es fornecidas por si ou recolhidas a partir da utiliza\u00e7\u00e3o dos seus servi\u00e7os.<\/p>\n<p>Esta pol\u00edtica de cookies est\u00e1 ligada \u00e0 pol\u00edtica de privacidade do nosso website, que pode ser encontrada aqui:\u00a0<strong><a href=\"\/index\/pt-pt\/privacy\/\">privacy policy<\/a><\/strong>.<\/p>\n<p><strong>1. <\/strong><strong>O QUE S\u00c3O COOKIES? | COOKIES NESTE SITE | CONSENTIMENTO<\/strong><\/p>\n<p>Os cookies s\u00e3o pequenos ficheiros de texto que os s\u00edtios visitados pelos utilizadores enviam para os seus terminais, onde s\u00e3o armazenados para serem retransmitidos para os mesmos s\u00edtios na pr\u00f3xima vez que os visitam. Os cookies s\u00e3o utilizados para fins diferentes, t\u00eam caracter\u00edsticas diferentes e podem ser utilizados pelo propriet\u00e1rio do site que est\u00e1 a visitar, ou por terceiros. Para mais informa\u00e7\u00f5es sobre cookies, visite por favor <strong><a href=\"http:\/\/www.allaboutcookies.org\">www.allaboutcookies.org<\/a><\/strong><\/p>\n<p>Abaixo encontrar\u00e1 toda a informa\u00e7\u00e3o sobre os cookies instalados atrav\u00e9s deste site e a informa\u00e7\u00e3o necess\u00e1ria sobre como gerir as suas prefer\u00eancias a este respeito.<\/p>\n<p>A legisla\u00e7\u00e3o actual estabelece que podemos armazenar cookies no seu dispositivo se forem estritamente necess\u00e1rios para o funcionamento deste website. Para instalar todos os outros tipos de cookies e processar os dados pessoais recolhidos atrav\u00e9s deles, precisamos do seu consentimento. Note que, se fornecido, o seu consentimento aplica-se ao seguinte dom\u00ednio: <strong><a href=\"https:\/\/creditfinanz.ch\/index\/\">www.creditfinanz.ch.\u00a0\u00a0<\/a><\/strong><\/p>\n<p>Fechar o banner (ao seleccionar o comando marcado com um X no canto superior direito) implica que as configura\u00e7\u00f5es padr\u00e3o permanecer\u00e3o no lugar e que continuar\u00e1 a navegar na aus\u00eancia de cookies ou outras ferramentas de rastreio que n\u00e3o sejam t\u00e9cnicas.<\/p>\n<p><strong>2.<\/strong><strong>EXEMPLOS DE TECNOLOGIAS SEMELHANTES<\/strong><\/p>\n<p>O seguimento da navega\u00e7\u00e3o em linha dos utilizadores tamb\u00e9m pode ser feito com tecnologias semelhantes a cookies. Aqui est\u00e3o alguns exemplos.<\/p>\n<p><strong>Armaz\u00e9m local<\/strong><\/p>\n<p>\u00e9 uma tecnologia utilizada para optimizar a navega\u00e7\u00e3o, que n\u00e3o recolhe dados sobre as prefer\u00eancias expressas pelo utilizador (por exemplo, armazena um c\u00f3digo que identifica a sess\u00e3o do utilizador ap\u00f3s o login, para evitar que o utilizador tenha de introduzir nome de utilizador e palavra-passe em cada p\u00e1gina de perfil ao aceder a \u00e1reas restritas.<\/p>\n<p><strong>Pixel de rastreio<\/strong><\/p>\n<p>&#8220;C\u00f3digo de rastreio&#8221; ou &#8220;c\u00f3digo de rastreio&#8221;, \u00e9 precisamente uma pequena por\u00e7\u00e3o de c\u00f3digo que \u00e9 libertada por alguns sistemas com a finalidade de ser implementada noutros para rastrear certos dados relativos ao utilizador e a sua sess\u00e3o de navega\u00e7\u00e3o ou abertura de e-mails, de uma forma totalmente transparente para o utilizador. Os dados que s\u00e3o rastreados podem ser os mais diversos, tais como o dia e a hora, a localiza\u00e7\u00e3o geogr\u00e1fica, o tipo de dispositivo adoptado para a navega\u00e7\u00e3o, at\u00e9 e incluindo nos mais complexos pix\u00e9is de rastreio o valor gasto numa ordem de compra e outras informa\u00e7\u00f5es \u00fateis para os departamentos de marketing das empresas que os utilizam.<\/p>\n<p><strong>Plugin<\/strong><\/p>\n<p>\u00e9 um programa que interage com outro programa para expandir ou ampliar a sua funcionalidade original. Os plugins mais utilizados s\u00e3o os das redes sociais, que permitem, por exemplo, ao utilizador seguir uma p\u00e1gina ou perfil social com um clique, indicar com um clique que gostou de um conte\u00fado web e partilh\u00e1-lo no seu perfil de rede social, etc.<\/p>\n<p><strong>Widget<\/strong><\/p>\n<p>\u00e9 uma componente gr\u00e1fica da interface do utilizador de um programa, cujo objectivo \u00e9 facilitar a interac\u00e7\u00e3o do utilizador com o programa. Os widgets mais frequentemente utilizados s\u00e3o os das redes sociais, que permitem aos utilizadores abrir facilmente as redes sociais numa janela de navega\u00e7\u00e3o separada.<\/p>\n<p>Estes servi\u00e7os permitem interac\u00e7\u00f5es com redes sociais, ou outras plataformas externas, directamente a partir das p\u00e1ginas de um s\u00edtio. Quaisquer interac\u00e7\u00f5es e informa\u00e7\u00f5es adquiridas pelo site est\u00e3o sujeitas \u00e0s defini\u00e7\u00f5es de privacidade do terceiro que criou as tecnologias acima mencionadas. A fim de receber informa\u00e7\u00f5es detalhadas nos termos do Artigo 13 da Lei de Protec\u00e7\u00e3o de Dados Pessoais, relativamente \u00e0 utiliza\u00e7\u00e3o dos dados pessoais tratados quando utiliza estas tecnologias, convidamo-lo a visitar os websites dos operadores terceiros das tecnologias acima mencionadas.<\/p>\n<p><strong>3. <\/strong><strong>IDENTIDADE E DADOS DE CONTACTO DO CONTROLADOR DE DADOS<\/strong><\/p>\n<p>A entidade que determina os fins e meios do processamento \u00e9 <strong>CREDITFINANZ SA<\/strong>, uma empresa de direito su\u00ed\u00e7o com sede social na Via Trevano 72, 6904 Lugano (Su\u00ed\u00e7a) (doravante tamb\u00e9m referida como &#8220;CreditFinanz&#8221; ou &#8220;Data Controller&#8221; ou &#8220;Empresa&#8221; ou &#8220;n\u00f3s&#8221;).<\/p>\n<p><strong>Os dados de contacto do controlador de dados s\u00e3o os seguintes: <a href=\"mailto:privacy@creditfinanz.ch\">privacy@creditfinanz.ch<\/a>\u00a0<\/strong><\/p>\n<p><strong>4. <\/strong><strong>GEST\u00c3O DE COOKIES <\/strong><\/p>\n<p>Lembre-se de que tamb\u00e9m pode gerir as suas prefer\u00eancias de cookies atrav\u00e9s do seu navegador.<\/p>\n<p>Se n\u00e3o souber o tipo e vers\u00e3o do browser que est\u00e1 a utilizar, clique em &#8216;Ajuda&#8217; na janela do browser no topo, a partir da qual pode aceder a toda a informa\u00e7\u00e3o necess\u00e1ria. Se, por outro lado, conhece o seu navegador, v\u00e1 para a p\u00e1gina dedicada \u00e0 gest\u00e3o de cookies.\u00a0 Os utilizadores podem, por exemplo, encontrar informa\u00e7\u00f5es sobre como gerir cookies em alguns dos navegadores mais populares nos endere\u00e7os seguintes.<\/p>\n<p>Mozilla Firefox<br \/>\n<strong><a href=\"https:\/\/support.mozilla.org\/pt-PT\/kb\/cookies-informacao-que-os-sites-da-web-guardam-no-\">https:\/\/support.mozilla.org\/pt-PT\/kb\/cookies-informacao-que-os-sites-da-web-guardam-no-<\/a><\/strong><\/p>\n<p>Google Chrome<br \/>\n<a href=\"https:\/\/support.google.com\/chrome\/answer\/95647?hl=pt\" target=\"_blank\" rel=\"noopener\"><strong>https:\/\/support.google.com\/chrome\/answer\/95647?hl=pt<\/strong><\/a><\/p>\n<p>Internet Explorer\/Microsoft Edge<br \/>\n<a href=\"https:\/\/support.microsoft.com\/pt-pt\/windows\/eliminar-e-gerir-cookies-168dab11-0753-043d-7c16-ede5947fc64d\" target=\"_blank\" rel=\"noopener\"><strong>https:\/\/support.microsoft.com\/pt-pt\/windows\/eliminar-e-gerir-cookies-168dab11-0753-043d-7c16-ede5947fc64d<\/strong><\/a><\/p>\n<p>Safari<br \/>\n<a href=\"https:\/\/support.apple.com\/pt-pt\/guide\/safari\/sfri11471\/mac\" target=\"_blank\" rel=\"noopener\"><strong>https:\/\/support.apple.com\/pt-pt\/guide\/safari\/sfri11471\/mac<\/strong><\/a><\/p>\n<p>Safari su iPhone, iPad, o iPod touch<br \/>\n<a href=\"https:\/\/support.apple.com\/pt-pt\/HT201265\" target=\"_blank\" rel=\"noopener\"><strong>https:\/\/support.apple.com\/pt-pt\/HT201265<\/strong><\/a><\/p>\n<p><strong> 5. INFORMA\u00c7\u00d5ES ADICIONAIS | MUDAN\u00c7AS | ATUALIZA\u00c7\u00d5ES<\/strong><\/p>\n<p>O Controlador de Dados se reserva o direito de revisar, atualizar, adicionar ou excluir qualquer parte deste aviso a seu pr\u00f3prio crit\u00e9rio e a qualquer momento. Em caso de mudan\u00e7as, ser\u00e1 indicada a data de atualiza\u00e7\u00e3o.<\/p>\n<\/div><script\n\t\ttype=\"text\/javascript\"\n\t\tid=\"CookieDeclaration\"\n\t\tsrc=\"https:\/\/consent.cookiebot.com\/3badee4b-9d2a-4bf4-9da9-6cfa80ce74be\/cd.js\"\n\t\t\tdata-culture=\"PT\"\n\t\tasync><\/script>\n<div class=\"fusion-text fusion-text-4\"><p>Data de atualiza\u00e7\u00e3o: <strong>6 de outubro de 2022<\/strong><\/p>\n<\/div><\/div><\/div><\/div><\/div><\/p>\n","protected":false},"excerpt":{"rendered":"","protected":false},"author":1,"featured_media":0,"parent":0,"menu_order":0,"comment_status":"closed","ping_status":"closed","template":"100-width.php","meta":{"footnotes":""},"class_list":["post-2097","page","type-page","status-publish","hentry"],"yoast_head":"<!-- This site is optimized with the Yoast SEO plugin v27.2 - https:\/\/yoast.com\/product\/yoast-seo-wordpress\/ -->\n<title>Pol\u00edtica de cookies - Credit Finanz SA<\/title>\n<meta name=\"robots\" content=\"index, follow, max-snippet:-1, max-image-preview:large, max-video-preview:-1\" \/>\n<link rel=\"canonical\" href=\"https:\/\/creditfinanz.ch\/index\/pt-pt\/cookie-policy\/\" \/>\n<meta property=\"og:locale\" content=\"pt_PT\" \/>\n<meta property=\"og:type\" content=\"article\" \/>\n<meta property=\"og:title\" content=\"Pol\u00edtica de cookies - Credit Finanz SA\" \/>\n<meta property=\"og:url\" content=\"https:\/\/creditfinanz.ch\/index\/pt-pt\/cookie-policy\/\" \/>\n<meta property=\"og:site_name\" content=\"Credit Finanz SA\" \/>\n<meta property=\"article:publisher\" content=\"https:\/\/www.facebook.com\/cflugano\/\" \/>\n<meta property=\"article:modified_time\" content=\"2022-10-20T13:13:47+00:00\" \/>\n<meta name=\"twitter:card\" content=\"summary_large_image\" \/>\n<meta name=\"twitter:label1\" content=\"Est. reading time\" \/>\n\t<meta name=\"twitter:data1\" content=\"19 minutes\" \/>\n<script type=\"application\/ld+json\" class=\"yoast-schema-graph\">{\"@context\":\"https:\/\/schema.org\",\"@graph\":[{\"@type\":\"WebPage\",\"@id\":\"https:\/\/creditfinanz.ch\/index\/pt-pt\/cookie-policy\/\",\"url\":\"https:\/\/creditfinanz.ch\/index\/pt-pt\/cookie-policy\/\",\"name\":\"Pol\u00edtica de cookies - Credit Finanz SA\",\"isPartOf\":{\"@id\":\"https:\/\/creditfinanz.ch\/index\/#website\"},\"datePublished\":\"2022-10-20T12:21:09+00:00\",\"dateModified\":\"2022-10-20T13:13:47+00:00\",\"breadcrumb\":{\"@id\":\"https:\/\/creditfinanz.ch\/index\/pt-pt\/cookie-policy\/#breadcrumb\"},\"inLanguage\":\"pt-PT\",\"potentialAction\":[{\"@type\":\"ReadAction\",\"target\":[\"https:\/\/creditfinanz.ch\/index\/pt-pt\/cookie-policy\/\"]}]},{\"@type\":\"BreadcrumbList\",\"@id\":\"https:\/\/creditfinanz.ch\/index\/pt-pt\/cookie-policy\/#breadcrumb\",\"itemListElement\":[{\"@type\":\"ListItem\",\"position\":1,\"name\":\"Home\",\"item\":\"https:\/\/creditfinanz.ch\/index\/pt-pt\/\"},{\"@type\":\"ListItem\",\"position\":2,\"name\":\"Pol\u00edtica de cookies\"}]},{\"@type\":\"WebSite\",\"@id\":\"https:\/\/creditfinanz.ch\/index\/#website\",\"url\":\"https:\/\/creditfinanz.ch\/index\/\",\"name\":\"Credit Finanz SA\",\"description\":\"Lugano - Bellinzona\",\"publisher\":{\"@id\":\"https:\/\/creditfinanz.ch\/index\/#organization\"},\"potentialAction\":[{\"@type\":\"SearchAction\",\"target\":{\"@type\":\"EntryPoint\",\"urlTemplate\":\"https:\/\/creditfinanz.ch\/index\/?s={search_term_string}\"},\"query-input\":{\"@type\":\"PropertyValueSpecification\",\"valueRequired\":true,\"valueName\":\"search_term_string\"}}],\"inLanguage\":\"pt-PT\"},{\"@type\":\"Organization\",\"@id\":\"https:\/\/creditfinanz.ch\/index\/#organization\",\"name\":\"Credit Finanz SA\",\"url\":\"https:\/\/creditfinanz.ch\/index\/\",\"logo\":{\"@type\":\"ImageObject\",\"inLanguage\":\"pt-PT\",\"@id\":\"https:\/\/creditfinanz.ch\/index\/#\/schema\/logo\/image\/\",\"url\":\"https:\/\/creditfinanz.ch\/index\/wp-content\/uploads\/2021\/05\/400.png\",\"contentUrl\":\"https:\/\/creditfinanz.ch\/index\/wp-content\/uploads\/2021\/05\/400.png\",\"width\":400,\"height\":51,\"caption\":\"Credit Finanz SA\"},\"image\":{\"@id\":\"https:\/\/creditfinanz.ch\/index\/#\/schema\/logo\/image\/\"},\"sameAs\":[\"https:\/\/www.facebook.com\/cflugano\/\",\"https:\/\/www.linkedin.com\/company-beta\/11124857\/\"]}]}<\/script>\n<!-- \/ Yoast SEO plugin. -->","yoast_head_json":{"title":"Pol\u00edtica de cookies - Credit Finanz SA","robots":{"index":"index","follow":"follow","max-snippet":"max-snippet:-1","max-image-preview":"max-image-preview:large","max-video-preview":"max-video-preview:-1"},"canonical":"https:\/\/creditfinanz.ch\/index\/pt-pt\/cookie-policy\/","og_locale":"pt_PT","og_type":"article","og_title":"Pol\u00edtica de cookies - Credit Finanz SA","og_url":"https:\/\/creditfinanz.ch\/index\/pt-pt\/cookie-policy\/","og_site_name":"Credit Finanz SA","article_publisher":"https:\/\/www.facebook.com\/cflugano\/","article_modified_time":"2022-10-20T13:13:47+00:00","twitter_card":"summary_large_image","twitter_misc":{"Est. reading time":"19 minutes"},"schema":{"@context":"https:\/\/schema.org","@graph":[{"@type":"WebPage","@id":"https:\/\/creditfinanz.ch\/index\/pt-pt\/cookie-policy\/","url":"https:\/\/creditfinanz.ch\/index\/pt-pt\/cookie-policy\/","name":"Pol\u00edtica de cookies - Credit Finanz SA","isPartOf":{"@id":"https:\/\/creditfinanz.ch\/index\/#website"},"datePublished":"2022-10-20T12:21:09+00:00","dateModified":"2022-10-20T13:13:47+00:00","breadcrumb":{"@id":"https:\/\/creditfinanz.ch\/index\/pt-pt\/cookie-policy\/#breadcrumb"},"inLanguage":"pt-PT","potentialAction":[{"@type":"ReadAction","target":["https:\/\/creditfinanz.ch\/index\/pt-pt\/cookie-policy\/"]}]},{"@type":"BreadcrumbList","@id":"https:\/\/creditfinanz.ch\/index\/pt-pt\/cookie-policy\/#breadcrumb","itemListElement":[{"@type":"ListItem","position":1,"name":"Home","item":"https:\/\/creditfinanz.ch\/index\/pt-pt\/"},{"@type":"ListItem","position":2,"name":"Pol\u00edtica de cookies"}]},{"@type":"WebSite","@id":"https:\/\/creditfinanz.ch\/index\/#website","url":"https:\/\/creditfinanz.ch\/index\/","name":"Credit Finanz SA","description":"Lugano - Bellinzona","publisher":{"@id":"https:\/\/creditfinanz.ch\/index\/#organization"},"potentialAction":[{"@type":"SearchAction","target":{"@type":"EntryPoint","urlTemplate":"https:\/\/creditfinanz.ch\/index\/?s={search_term_string}"},"query-input":{"@type":"PropertyValueSpecification","valueRequired":true,"valueName":"search_term_string"}}],"inLanguage":"pt-PT"},{"@type":"Organization","@id":"https:\/\/creditfinanz.ch\/index\/#organization","name":"Credit Finanz SA","url":"https:\/\/creditfinanz.ch\/index\/","logo":{"@type":"ImageObject","inLanguage":"pt-PT","@id":"https:\/\/creditfinanz.ch\/index\/#\/schema\/logo\/image\/","url":"https:\/\/creditfinanz.ch\/index\/wp-content\/uploads\/2021\/05\/400.png","contentUrl":"https:\/\/creditfinanz.ch\/index\/wp-content\/uploads\/2021\/05\/400.png","width":400,"height":51,"caption":"Credit Finanz SA"},"image":{"@id":"https:\/\/creditfinanz.ch\/index\/#\/schema\/logo\/image\/"},"sameAs":["https:\/\/www.facebook.com\/cflugano\/","https:\/\/www.linkedin.com\/company-beta\/11124857\/"]}]}},"_links":{"self":[{"href":"https:\/\/creditfinanz.ch\/index\/pt-pt\/wp-json\/wp\/v2\/pages\/2097","targetHints":{"allow":["GET"]}}],"collection":[{"href":"https:\/\/creditfinanz.ch\/index\/pt-pt\/wp-json\/wp\/v2\/pages"}],"about":[{"href":"https:\/\/creditfinanz.ch\/index\/pt-pt\/wp-json\/wp\/v2\/types\/page"}],"author":[{"embeddable":true,"href":"https:\/\/creditfinanz.ch\/index\/pt-pt\/wp-json\/wp\/v2\/users\/1"}],"replies":[{"embeddable":true,"href":"https:\/\/creditfinanz.ch\/index\/pt-pt\/wp-json\/wp\/v2\/comments?post=2097"}],"version-history":[{"count":4,"href":"https:\/\/creditfinanz.ch\/index\/pt-pt\/wp-json\/wp\/v2\/pages\/2097\/revisions"}],"predecessor-version":[{"id":2114,"href":"https:\/\/creditfinanz.ch\/index\/pt-pt\/wp-json\/wp\/v2\/pages\/2097\/revisions\/2114"}],"wp:attachment":[{"href":"https:\/\/creditfinanz.ch\/index\/pt-pt\/wp-json\/wp\/v2\/media?parent=2097"}],"curies":[{"name":"wp","href":"https:\/\/api.w.org\/{rel}","templated":true}]}}