{"id":849,"date":"2021-07-08T12:25:46","date_gmt":"2021-07-08T10:25:46","guid":{"rendered":"https:\/\/cf.idealab-dev.ch\/chi-siamo\/"},"modified":"2021-10-29T00:32:31","modified_gmt":"2021-10-28T22:32:31","slug":"sobre-nos","status":"publish","type":"page","link":"https:\/\/creditfinanz.ch\/index\/pt-pt\/sobre-nos\/","title":{"rendered":"Sobre n\u00f3s"},"content":{"rendered":"<p><div class=\"fusion-fullwidth fullwidth-box fusion-builder-row-1 fusion-flex-container fusion-parallax-none nonhundred-percent-fullwidth non-hundred-percent-height-scrolling fusion-no-small-visibility\" style=\"--awb-background-position:right center;--awb-border-sizes-left:0;--awb-border-sizes-right:0;--awb-border-radius-top-left:0px;--awb-border-radius-top-right:0px;--awb-border-radius-bottom-right:0px;--awb-border-radius-bottom-left:0px;--awb-padding-top:0px;--awb-padding-bottom:0px;--awb-margin-top:0px;--awb-margin-bottom:0px;--awb-background-color:#f39200;--awb-background-image:url(&quot;https:\/\/creditfinanz.ch\/index\/wp-content\/uploads\/2021\/10\/chi_head.jpg&quot;);--awb-background-size:cover;--awb-flex-wrap:wrap;\" ><div class=\"fusion-builder-row fusion-row fusion-flex-align-items-stretch fusion-flex-content-wrap\" style=\"max-width:1248px;margin-left: calc(-4% \/ 2 );margin-right: calc(-4% \/ 2 );\"><div class=\"fusion-layout-column fusion_builder_column fusion-builder-column-0 fusion_builder_column_1_2 1_2 fusion-flex-column\" style=\"--awb-padding-bottom:0px;--awb-bg-image:linear-gradient(180deg, #f39200 0%,#f39200 100%);--awb-bg-size:cover;--awb-width-large:50%;--awb-margin-top-large:0px;--awb-spacing-right-large:3.84%;--awb-margin-bottom-large:0px;--awb-spacing-left-large:3.84%;--awb-width-medium:50%;--awb-order-medium:0;--awb-spacing-right-medium:3.84%;--awb-spacing-left-medium:3.84%;--awb-width-small:100%;--awb-order-small:0;--awb-spacing-right-small:1.92%;--awb-spacing-left-small:1.92%;\"><div class=\"fusion-column-wrapper fusion-column-has-shadow fusion-flex-justify-content-flex-start fusion-content-layout-column\"><div class=\"fusion-separator fusion-full-width-sep\" style=\"align-self: center;margin-left: auto;margin-right: auto;margin-top:30%;width:100%;\"><\/div><div class=\"fusion-text fusion-text-1\"><h1><span style=\"color: #ffffff;\">Sobre n\u00f3s<\/span><\/h1>\n<p><span style=\"color: #ffffff;\">Uma das ag\u00eancias mais competentes com autoriza\u00e7\u00e3o legal para a intermedia\u00e7\u00e3o de Empr\u00e9stimos Privados com a menor taxa de juros em toda a Su\u00ed\u00e7a.<\/span><\/p>\n<\/div><div class=\"fusion-separator fusion-full-width-sep\" style=\"align-self: center;margin-left: auto;margin-right: auto;margin-top:20px;width:100%;\"><\/div><div ><a class=\"fusion-button button-flat fusion-button-default-size button-custom fusion-button-default button-1 fusion-button-default-span fusion-button-default-type\" style=\"--button_accent_color:#f39200;--button_accent_hover_color:#f39200;--button_border_hover_color:#ffffff;--button_gradient_top_color:#ffffff;--button_gradient_bottom_color:#ffffff;--button_gradient_top_color_hover:rgba(255,255,255,0.8);--button_gradient_bottom_color_hover:rgba(255,255,255,0.8);\" target=\"_self\" href=\"#piu\"><span class=\"fusion-button-text awb-button__text awb-button__text--default\">Mais informa\u00e7\u00f5es<\/span><\/a><\/div><div class=\"fusion-separator fusion-full-width-sep\" style=\"align-self: center;margin-left: auto;margin-right: auto;margin-top:30%;width:100%;\"><\/div><\/div><\/div><div class=\"fusion-layout-column fusion_builder_column fusion-builder-column-1 fusion_builder_column_1_2 1_2 fusion-flex-column\" style=\"--awb-padding-top:0px;--awb-padding-right:0px;--awb-padding-bottom:0px;--awb-padding-left:0px;--awb-bg-position:center center;--awb-bg-size:cover;--awb-width-large:50%;--awb-margin-top-large:0px;--awb-spacing-right-large:0px;--awb-margin-bottom-large:0px;--awb-spacing-left-large:0px;--awb-width-medium:50%;--awb-order-medium:0;--awb-spacing-right-medium:0px;--awb-spacing-left-medium:0px;--awb-width-small:100%;--awb-order-small:0;--awb-spacing-right-small:1.92%;--awb-spacing-left-small:1.92%;\"><div class=\"fusion-column-wrapper fusion-column-has-shadow fusion-flex-justify-content-flex-start fusion-content-layout-column\"><\/div><\/div><\/div><\/div><div class=\"fusion-fullwidth fullwidth-box fusion-builder-row-2 fusion-flex-container nonhundred-percent-fullwidth non-hundred-percent-height-scrolling fusion-no-medium-visibility fusion-no-large-visibility\" style=\"--awb-background-position:right center;--awb-border-sizes-left:0;--awb-border-sizes-right:0;--awb-border-radius-top-left:0px;--awb-border-radius-top-right:0px;--awb-border-radius-bottom-right:0px;--awb-border-radius-bottom-left:0px;--awb-padding-top:0px;--awb-padding-bottom:0px;--awb-margin-top:0px;--awb-margin-bottom:0px;--awb-background-color:#f39200;--awb-flex-wrap:wrap;\" ><div class=\"fusion-builder-row fusion-row fusion-flex-align-items-stretch fusion-flex-content-wrap\" style=\"max-width:1248px;margin-left: calc(-4% \/ 2 );margin-right: calc(-4% \/ 2 );\"><div class=\"fusion-layout-column fusion_builder_column fusion-builder-column-2 fusion_builder_column_1_1 1_1 fusion-flex-column\" style=\"--awb-padding-bottom:0px;--awb-bg-color:#f39200;--awb-bg-color-hover:#f39200;--awb-bg-size:cover;--awb-width-large:100%;--awb-margin-top-large:0px;--awb-spacing-right-large:1.92%;--awb-margin-bottom-large:0px;--awb-spacing-left-large:1.92%;--awb-width-medium:100%;--awb-order-medium:0;--awb-spacing-right-medium:1.92%;--awb-spacing-left-medium:1.92%;--awb-width-small:100%;--awb-order-small:0;--awb-spacing-right-small:1.92%;--awb-spacing-left-small:1.92%;\"><div class=\"fusion-column-wrapper fusion-column-has-shadow fusion-flex-justify-content-flex-start fusion-content-layout-column\"><div class=\"fusion-separator fusion-full-width-sep\" style=\"align-self: center;margin-left: auto;margin-right: auto;margin-top:20%;width:100%;\"><\/div><div class=\"fusion-text fusion-text-2\"><h1><span style=\"color: #ffffff;\">Sobre n\u00f3s<\/span><\/h1>\n<p><span style=\"color: #ffffff;\">Uma das ag\u00eancias mais competentes com autoriza\u00e7\u00e3o legal para a intermedia\u00e7\u00e3o de Empr\u00e9stimos Privados com a menor taxa de juros em toda a Su\u00ed\u00e7a.<\/span><\/p>\n<\/div><div class=\"fusion-separator fusion-full-width-sep\" style=\"align-self: center;margin-left: auto;margin-right: auto;margin-top:20px;width:100%;\"><\/div><div ><a class=\"fusion-button button-flat fusion-button-default-size button-custom fusion-button-default button-2 fusion-button-default-span fusion-button-default-type\" style=\"--button_accent_color:#f39200;--button_accent_hover_color:#f39200;--button_border_hover_color:#ffffff;--button_gradient_top_color:#ffffff;--button_gradient_bottom_color:#ffffff;--button_gradient_top_color_hover:rgba(255,255,255,0.8);--button_gradient_bottom_color_hover:rgba(255,255,255,0.8);\" target=\"_self\" href=\"#piu\"><span class=\"fusion-button-text awb-button__text awb-button__text--default\">Mais informa\u00e7\u00f5es<\/span><\/a><\/div><div class=\"fusion-separator fusion-full-width-sep\" style=\"align-self: center;margin-left: auto;margin-right: auto;margin-top:20%;width:100%;\"><\/div><\/div><\/div><\/div><\/div><div class=\"fusion-fullwidth fullwidth-box fusion-builder-row-3 fusion-flex-container hundred-percent-fullwidth non-hundred-percent-height-scrolling fusion-no-medium-visibility fusion-no-large-visibility\" style=\"--awb-background-position:right center;--awb-border-sizes-left:0;--awb-border-sizes-right:0;--awb-border-radius-top-left:0px;--awb-border-radius-top-right:0px;--awb-border-radius-bottom-right:0px;--awb-border-radius-bottom-left:0px;--awb-padding-top:0px;--awb-padding-right:0px;--awb-padding-bottom:0px;--awb-padding-left:0px;--awb-margin-top:0px;--awb-margin-bottom:0px;--awb-background-color:#f39200;--awb-flex-wrap:wrap;\" ><div class=\"fusion-builder-row fusion-row fusion-flex-align-items-stretch fusion-flex-content-wrap\" style=\"width:104% !important;max-width:104% !important;margin-left: calc(-4% \/ 2 );margin-right: calc(-4% \/ 2 );\"><div class=\"fusion-layout-column fusion_builder_column fusion-builder-column-3 fusion_builder_column_1_1 1_1 fusion-flex-column\" style=\"--awb-padding-top:0px;--awb-padding-right:0px;--awb-padding-bottom:0px;--awb-padding-left:0px;--awb-bg-color:#f39200;--awb-bg-color-hover:#f39200;--awb-bg-image:url(&#039;https:\/\/creditfinanz.ch\/index\/wp-content\/uploads\/2021\/10\/chi_body.jpg&#039;);--awb-bg-position:center center;--awb-bg-size:cover;--awb-width-large:100%;--awb-margin-top-large:0px;--awb-spacing-right-large:0px;--awb-margin-bottom-large:0px;--awb-spacing-left-large:0px;--awb-width-medium:100%;--awb-order-medium:0;--awb-spacing-right-medium:0px;--awb-spacing-left-medium:0px;--awb-width-small:100%;--awb-order-small:0;--awb-spacing-right-small:1.92%;--awb-spacing-left-small:1.92%;\"><div class=\"fusion-column-wrapper fusion-column-has-shadow fusion-flex-justify-content-flex-start fusion-content-layout-column fusion-column-has-bg-image\" data-bg-url=\"https:\/\/creditfinanz.ch\/index\/wp-content\/uploads\/2021\/10\/chi_body.jpg\"><div class=\"fusion-separator fusion-full-width-sep\" style=\"align-self: center;margin-left: auto;margin-right: auto;margin-top:70%;width:100%;\"><\/div><\/div><\/div><\/div><\/div><div class=\"fusion-fullwidth fullwidth-box fusion-builder-row-4 fusion-flex-container nonhundred-percent-fullwidth non-hundred-percent-height-scrolling\" style=\"--awb-border-radius-top-left:0px;--awb-border-radius-top-right:0px;--awb-border-radius-bottom-right:0px;--awb-border-radius-bottom-left:0px;--awb-margin-top:60px;--awb-margin-bottom:60px;--awb-background-color:#ffffff;--awb-background-image:linear-gradient(180deg, #ffffff 0%,#ffffff 100%);--awb-flex-wrap:wrap;\" ><div class=\"fusion-builder-row fusion-row fusion-flex-align-items-flex-start fusion-flex-align-content-center fusion-flex-content-wrap\" style=\"max-width:1248px;margin-left: calc(-4% \/ 2 );margin-right: calc(-4% \/ 2 );\"><div class=\"fusion-layout-column fusion_builder_column fusion-builder-column-4 fusion_builder_column_1_1 1_1 fusion-flex-column fusion-flex-align-self-flex-start\" style=\"--awb-padding-bottom:0px;--awb-bg-size:cover;--awb-width-large:100%;--awb-margin-top-large:0px;--awb-spacing-right-large:1.92%;--awb-margin-bottom-large:0px;--awb-spacing-left-large:1.92%;--awb-width-medium:100%;--awb-order-medium:0;--awb-spacing-right-medium:1.92%;--awb-spacing-left-medium:1.92%;--awb-width-small:100%;--awb-order-small:0;--awb-spacing-right-small:1.92%;--awb-spacing-left-small:1.92%;\"><div class=\"fusion-column-wrapper fusion-column-has-shadow fusion-flex-justify-content-flex-start fusion-content-layout-column\"><div class=\"fusion-menu-anchor\" id=\"piu\"><\/div><div class=\"fusion-text fusion-text-3\"><p><span style=\"color: #f39200;\"><strong>Sobre n\u00f3s<\/strong><\/span><\/p>\n<\/div><div class=\"fusion-text fusion-text-4\"><h2>Por mais de trinta anos, ao seu lado<\/h2>\n<\/div><\/div><\/div><div class=\"fusion-layout-column fusion_builder_column fusion-builder-column-5 fusion_builder_column_1_2 1_2 fusion-flex-column fusion-flex-align-self-flex-start\" style=\"--awb-bg-size:cover;--awb-width-large:50%;--awb-margin-top-large:0px;--awb-spacing-right-large:11.52%;--awb-margin-bottom-large:30px;--awb-spacing-left-large:3.84%;--awb-width-medium:50%;--awb-order-medium:0;--awb-spacing-right-medium:11.52%;--awb-spacing-left-medium:3.84%;--awb-width-small:100%;--awb-order-small:0;--awb-spacing-right-small:1.92%;--awb-spacing-left-small:1.92%;\"><div class=\"fusion-column-wrapper fusion-column-has-shadow fusion-flex-justify-content-flex-start fusion-content-layout-column\"><div class=\"fusion-text fusion-text-5\"><p>A CreditFinanz SA foi fundada e registada no Registo de Comercio em 2002 e \u00e9 agora uma das ag\u00eancias mais competentes com autoriza\u00e7\u00e3o legal para a intermedia\u00e7\u00e3o de empr\u00e9stimos privados com a menor taxa de juros em toda a Su\u00ed\u00e7a. Os nossos v\u00e1rios conselheiros, com mais de 30 anos de experi\u00eancia, e os nossos milhares de clientes fi\u00e9is s\u00e3o o verdadeiro teste da nossa consultoria competente na \u00e1rea de Consultor de Empr\u00e9stimos Pessoais, Credito \u00e0 Habita\u00e7\u00e3o, no seguro de Sa\u00fade, Seguro de Vida, Ramos Gerais privados e Empresas, bem como conselhos para economizar em impostos.<\/p>\n<p>Os nossos princ\u00edpios inspirados pelo crit\u00e9rio, transpar\u00eancia e firmeza com base no rigor e justi\u00e7a, tornou poss\u00edvel para n\u00f3s consolidarmo-nos com Seguros e Centros Financeiros da Su\u00ed\u00e7a, ganhando a confian\u00e7a e credibilidade necess\u00e1ria para apertar fortes colabora\u00e7\u00f5es com diversas institui\u00e7\u00f5es de cr\u00e9ditos e seguros.<\/p>\n<\/div><\/div><\/div><div class=\"fusion-layout-column fusion_builder_column fusion-builder-column-6 fusion_builder_column_1_2 1_2 fusion-flex-column fusion-flex-align-self-flex-start\" style=\"--awb-bg-size:cover;--awb-width-large:50%;--awb-margin-top-large:0px;--awb-spacing-right-large:11.52%;--awb-margin-bottom-large:30px;--awb-spacing-left-large:3.84%;--awb-width-medium:50%;--awb-order-medium:0;--awb-spacing-right-medium:11.52%;--awb-spacing-left-medium:3.84%;--awb-width-small:100%;--awb-order-small:0;--awb-spacing-right-small:1.92%;--awb-spacing-left-small:1.92%;\"><div class=\"fusion-column-wrapper fusion-column-has-shadow fusion-flex-justify-content-flex-start fusion-content-layout-column\"><div class=\"fusion-text fusion-text-6\"><p>Em mat\u00e9ria de cr\u00e9dito pessoal e de cr\u00e9dito hipotec\u00e1rio, confiamos as nossas opera\u00e7\u00f5es nos principais bancos su\u00ed\u00e7os especializados nestes dom\u00ednios, para que possamos servir melhor os nossos clientes em toda a Su\u00ed\u00e7a.<\/p>\n<p>No que diz respeito ao seguro de sa\u00fade, seguro de vida e todos os outros ramos de seguro, colaboramos com as melhores companhias de seguros da Su\u00ed\u00e7a, para que possamos oferecer a todos os nossos clientes o melhor servi\u00e7o poss\u00edvel. Obrigado por escolher o nosso site para obter a melhor informa\u00e7\u00e3o. Para outras d\u00favidas, pode contactar pessoalmente, por telefone ou e-mail um de nossos escrit\u00f3rios em Lugano ou Bellinzona.<\/p>\n<\/div><div class=\"fusion-separator fusion-full-width-sep\" style=\"align-self: center;margin-left: auto;margin-right: auto;margin-top:20px;width:100%;\"><\/div><div ><a class=\"fusion-button button-flat fusion-button-default-size button-default fusion-button-default button-3 fusion-button-default-span fusion-button-default-type\" target=\"_self\" href=\"\/index\/pt-pt\/contatos\/\"><span class=\"fusion-button-text awb-button__text awb-button__text--default\">Escrit\u00f3rios e contatos<\/span><\/a><\/div><\/div><\/div><\/div><\/div><\/p>\n","protected":false},"excerpt":{"rendered":"","protected":false},"author":1,"featured_media":0,"parent":0,"menu_order":0,"comment_status":"closed","ping_status":"closed","template":"100-width.php","meta":{"footnotes":""},"class_list":["post-849","page","type-page","status-publish","hentry"],"yoast_head":"<!-- This site is optimized with the Yoast SEO plugin v27.2 - https:\/\/yoast.com\/product\/yoast-seo-wordpress\/ -->\n<title>Sobre n\u00f3s - Credit Finanz SA<\/title>\n<meta name=\"robots\" content=\"index, follow, max-snippet:-1, max-image-preview:large, max-video-preview:-1\" \/>\n<link rel=\"canonical\" href=\"https:\/\/creditfinanz.ch\/index\/pt-pt\/sobre-nos\/\" \/>\n<meta property=\"og:locale\" content=\"pt_PT\" \/>\n<meta property=\"og:type\" content=\"article\" \/>\n<meta property=\"og:title\" content=\"Sobre n\u00f3s - Credit Finanz SA\" \/>\n<meta property=\"og:url\" content=\"https:\/\/creditfinanz.ch\/index\/pt-pt\/sobre-nos\/\" \/>\n<meta property=\"og:site_name\" content=\"Credit Finanz SA\" \/>\n<meta property=\"article:publisher\" content=\"https:\/\/www.facebook.com\/cflugano\/\" \/>\n<meta property=\"article:modified_time\" content=\"2021-10-28T22:32:31+00:00\" \/>\n<meta name=\"twitter:card\" content=\"summary_large_image\" \/>\n<meta name=\"twitter:label1\" content=\"Est. reading time\" \/>\n\t<meta name=\"twitter:data1\" content=\"21 minutes\" \/>\n<script type=\"application\/ld+json\" class=\"yoast-schema-graph\">{\"@context\":\"https:\/\/schema.org\",\"@graph\":[{\"@type\":\"WebPage\",\"@id\":\"https:\/\/creditfinanz.ch\/index\/pt-pt\/sobre-nos\/\",\"url\":\"https:\/\/creditfinanz.ch\/index\/pt-pt\/sobre-nos\/\",\"name\":\"Sobre n\u00f3s - Credit Finanz SA\",\"isPartOf\":{\"@id\":\"https:\/\/creditfinanz.ch\/index\/#website\"},\"datePublished\":\"2021-07-08T10:25:46+00:00\",\"dateModified\":\"2021-10-28T22:32:31+00:00\",\"breadcrumb\":{\"@id\":\"https:\/\/creditfinanz.ch\/index\/pt-pt\/sobre-nos\/#breadcrumb\"},\"inLanguage\":\"pt-PT\",\"potentialAction\":[{\"@type\":\"ReadAction\",\"target\":[\"https:\/\/creditfinanz.ch\/index\/pt-pt\/sobre-nos\/\"]}]},{\"@type\":\"BreadcrumbList\",\"@id\":\"https:\/\/creditfinanz.ch\/index\/pt-pt\/sobre-nos\/#breadcrumb\",\"itemListElement\":[{\"@type\":\"ListItem\",\"position\":1,\"name\":\"Home\",\"item\":\"https:\/\/creditfinanz.ch\/index\/pt-pt\/\"},{\"@type\":\"ListItem\",\"position\":2,\"name\":\"Sobre n\u00f3s\"}]},{\"@type\":\"WebSite\",\"@id\":\"https:\/\/creditfinanz.ch\/index\/#website\",\"url\":\"https:\/\/creditfinanz.ch\/index\/\",\"name\":\"Credit Finanz SA\",\"description\":\"Lugano - Bellinzona\",\"publisher\":{\"@id\":\"https:\/\/creditfinanz.ch\/index\/#organization\"},\"potentialAction\":[{\"@type\":\"SearchAction\",\"target\":{\"@type\":\"EntryPoint\",\"urlTemplate\":\"https:\/\/creditfinanz.ch\/index\/?s={search_term_string}\"},\"query-input\":{\"@type\":\"PropertyValueSpecification\",\"valueRequired\":true,\"valueName\":\"search_term_string\"}}],\"inLanguage\":\"pt-PT\"},{\"@type\":\"Organization\",\"@id\":\"https:\/\/creditfinanz.ch\/index\/#organization\",\"name\":\"Credit Finanz SA\",\"url\":\"https:\/\/creditfinanz.ch\/index\/\",\"logo\":{\"@type\":\"ImageObject\",\"inLanguage\":\"pt-PT\",\"@id\":\"https:\/\/creditfinanz.ch\/index\/#\/schema\/logo\/image\/\",\"url\":\"https:\/\/creditfinanz.ch\/index\/wp-content\/uploads\/2021\/05\/400.png\",\"contentUrl\":\"https:\/\/creditfinanz.ch\/index\/wp-content\/uploads\/2021\/05\/400.png\",\"width\":400,\"height\":51,\"caption\":\"Credit Finanz SA\"},\"image\":{\"@id\":\"https:\/\/creditfinanz.ch\/index\/#\/schema\/logo\/image\/\"},\"sameAs\":[\"https:\/\/www.facebook.com\/cflugano\/\",\"https:\/\/www.linkedin.com\/company-beta\/11124857\/\"]}]}<\/script>\n<!-- \/ Yoast SEO plugin. -->","yoast_head_json":{"title":"Sobre n\u00f3s - Credit Finanz SA","robots":{"index":"index","follow":"follow","max-snippet":"max-snippet:-1","max-image-preview":"max-image-preview:large","max-video-preview":"max-video-preview:-1"},"canonical":"https:\/\/creditfinanz.ch\/index\/pt-pt\/sobre-nos\/","og_locale":"pt_PT","og_type":"article","og_title":"Sobre n\u00f3s - Credit Finanz SA","og_url":"https:\/\/creditfinanz.ch\/index\/pt-pt\/sobre-nos\/","og_site_name":"Credit Finanz SA","article_publisher":"https:\/\/www.facebook.com\/cflugano\/","article_modified_time":"2021-10-28T22:32:31+00:00","twitter_card":"summary_large_image","twitter_misc":{"Est. reading time":"21 minutes"},"schema":{"@context":"https:\/\/schema.org","@graph":[{"@type":"WebPage","@id":"https:\/\/creditfinanz.ch\/index\/pt-pt\/sobre-nos\/","url":"https:\/\/creditfinanz.ch\/index\/pt-pt\/sobre-nos\/","name":"Sobre n\u00f3s - Credit Finanz SA","isPartOf":{"@id":"https:\/\/creditfinanz.ch\/index\/#website"},"datePublished":"2021-07-08T10:25:46+00:00","dateModified":"2021-10-28T22:32:31+00:00","breadcrumb":{"@id":"https:\/\/creditfinanz.ch\/index\/pt-pt\/sobre-nos\/#breadcrumb"},"inLanguage":"pt-PT","potentialAction":[{"@type":"ReadAction","target":["https:\/\/creditfinanz.ch\/index\/pt-pt\/sobre-nos\/"]}]},{"@type":"BreadcrumbList","@id":"https:\/\/creditfinanz.ch\/index\/pt-pt\/sobre-nos\/#breadcrumb","itemListElement":[{"@type":"ListItem","position":1,"name":"Home","item":"https:\/\/creditfinanz.ch\/index\/pt-pt\/"},{"@type":"ListItem","position":2,"name":"Sobre n\u00f3s"}]},{"@type":"WebSite","@id":"https:\/\/creditfinanz.ch\/index\/#website","url":"https:\/\/creditfinanz.ch\/index\/","name":"Credit Finanz SA","description":"Lugano - Bellinzona","publisher":{"@id":"https:\/\/creditfinanz.ch\/index\/#organization"},"potentialAction":[{"@type":"SearchAction","target":{"@type":"EntryPoint","urlTemplate":"https:\/\/creditfinanz.ch\/index\/?s={search_term_string}"},"query-input":{"@type":"PropertyValueSpecification","valueRequired":true,"valueName":"search_term_string"}}],"inLanguage":"pt-PT"},{"@type":"Organization","@id":"https:\/\/creditfinanz.ch\/index\/#organization","name":"Credit Finanz SA","url":"https:\/\/creditfinanz.ch\/index\/","logo":{"@type":"ImageObject","inLanguage":"pt-PT","@id":"https:\/\/creditfinanz.ch\/index\/#\/schema\/logo\/image\/","url":"https:\/\/creditfinanz.ch\/index\/wp-content\/uploads\/2021\/05\/400.png","contentUrl":"https:\/\/creditfinanz.ch\/index\/wp-content\/uploads\/2021\/05\/400.png","width":400,"height":51,"caption":"Credit Finanz SA"},"image":{"@id":"https:\/\/creditfinanz.ch\/index\/#\/schema\/logo\/image\/"},"sameAs":["https:\/\/www.facebook.com\/cflugano\/","https:\/\/www.linkedin.com\/company-beta\/11124857\/"]}]}},"_links":{"self":[{"href":"https:\/\/creditfinanz.ch\/index\/pt-pt\/wp-json\/wp\/v2\/pages\/849","targetHints":{"allow":["GET"]}}],"collection":[{"href":"https:\/\/creditfinanz.ch\/index\/pt-pt\/wp-json\/wp\/v2\/pages"}],"about":[{"href":"https:\/\/creditfinanz.ch\/index\/pt-pt\/wp-json\/wp\/v2\/types\/page"}],"author":[{"embeddable":true,"href":"https:\/\/creditfinanz.ch\/index\/pt-pt\/wp-json\/wp\/v2\/users\/1"}],"replies":[{"embeddable":true,"href":"https:\/\/creditfinanz.ch\/index\/pt-pt\/wp-json\/wp\/v2\/comments?post=849"}],"version-history":[{"count":14,"href":"https:\/\/creditfinanz.ch\/index\/pt-pt\/wp-json\/wp\/v2\/pages\/849\/revisions"}],"predecessor-version":[{"id":1987,"href":"https:\/\/creditfinanz.ch\/index\/pt-pt\/wp-json\/wp\/v2\/pages\/849\/revisions\/1987"}],"wp:attachment":[{"href":"https:\/\/creditfinanz.ch\/index\/pt-pt\/wp-json\/wp\/v2\/media?parent=849"}],"curies":[{"name":"wp","href":"https:\/\/api.w.org\/{rel}","templated":true}]}}